{"id":174,"date":"2022-03-01T20:29:31","date_gmt":"2022-03-01T19:29:31","guid":{"rendered":"https:\/\/1019.ch\/?page_id=174"},"modified":"2025-06-03T08:19:48","modified_gmt":"2025-06-03T07:19:48","slug":"initianten","status":"publish","type":"page","link":"https:\/\/1019.ch\/?page_id=174","title":{"rendered":"Wer sind wir"},"content":{"rendered":"\n<h1 class=\"wp-block-heading\">Wer sind wir<\/h1>\n\n\n\n<p>Die Aktion &#8222;1019.ch &#8211; Hilfe f\u00fcr Kriegsopfer in der Ukraine&#8220; wurde von Mitgliedern der Studentenverbindung AB Glanzenburger aus Z\u00fcrich ins Leben gerufen. Als sie zwei Tage nach dem russischen Einmarsch in die Ukraine &#8211; aufgeschreckt von den TV-Bildern &#8211; \u00fcber den Krieg diskutierten, wurde ihnen pl\u00f6tzlich bewusst, wie nahe sich das Ganze ereignet. So war auch der Name der Aktion geboren: 1019 &#8211; Die Distanz in Kilometern vom Stammlokal der AB Glanzenburger in Z\u00fcrich bis zur ukrainischen Grenze.<\/p>\n\n\n\n<h2 class=\"wp-block-heading\">Team<\/h2>\n\n\n\n<div class=\"wp-block-columns has-background is-layout-flex wp-container-core-columns-is-layout-9d6595d7 wp-block-columns-is-layout-flex\" style=\"background-color:#e9e9e9\">\n<div class=\"wp-block-column is-layout-flow wp-block-column-is-layout-flow\"><div class=\"wp-block-image\">\n<figure class=\"aligncenter size-full is-resized\"><img loading=\"lazy\" decoding=\"async\" width=\"500\" height=\"500\" src=\"https:\/\/1019.ch\/wp-content\/uploads\/2022\/03\/Monty-3.jpg\" alt=\"\" class=\"wp-image-440\" style=\"width:250px;height:250px\" srcset=\"https:\/\/1019.ch\/wp-content\/uploads\/2022\/03\/Monty-3.jpg 500w, https:\/\/1019.ch\/wp-content\/uploads\/2022\/03\/Monty-3-300x300.jpg 300w, https:\/\/1019.ch\/wp-content\/uploads\/2022\/03\/Monty-3-150x150.jpg 150w\" sizes=\"auto, (max-width: 500px) 100vw, 500px\" \/><figcaption class=\"wp-element-caption\">Martin Fussen<br>v\/o Monty<\/figcaption><\/figure>\n<\/div><\/div>\n\n\n\n<div class=\"wp-block-column is-layout-flow wp-block-column-is-layout-flow\"><div class=\"wp-block-image\">\n<figure class=\"aligncenter size-full is-resized\"><img loading=\"lazy\" decoding=\"async\" width=\"500\" height=\"500\" src=\"https:\/\/1019.ch\/wp-content\/uploads\/2022\/03\/Ferment-1.jpg\" alt=\"\" class=\"wp-image-434\" style=\"width:250px;height:250px\" srcset=\"https:\/\/1019.ch\/wp-content\/uploads\/2022\/03\/Ferment-1.jpg 500w, https:\/\/1019.ch\/wp-content\/uploads\/2022\/03\/Ferment-1-300x300.jpg 300w, https:\/\/1019.ch\/wp-content\/uploads\/2022\/03\/Ferment-1-150x150.jpg 150w\" sizes=\"auto, (max-width: 500px) 100vw, 500px\" \/><figcaption class=\"wp-element-caption\">Markus Schmid <br>v\/o Ferment<\/figcaption><\/figure>\n<\/div><\/div>\n\n\n\n<div class=\"wp-block-column is-layout-flow wp-block-column-is-layout-flow\"><div class=\"wp-block-image\">\n<figure class=\"aligncenter size-full is-resized\"><img loading=\"lazy\" decoding=\"async\" width=\"500\" height=\"500\" src=\"https:\/\/1019.ch\/wp-content\/uploads\/2022\/03\/Sapka-1.jpg\" alt=\"\" class=\"wp-image-376\" style=\"width:250px;height:250px\" srcset=\"https:\/\/1019.ch\/wp-content\/uploads\/2022\/03\/Sapka-1.jpg 500w, https:\/\/1019.ch\/wp-content\/uploads\/2022\/03\/Sapka-1-300x300.jpg 300w, https:\/\/1019.ch\/wp-content\/uploads\/2022\/03\/Sapka-1-150x150.jpg 150w\" sizes=\"auto, (max-width: 500px) 100vw, 500px\" \/><figcaption class=\"wp-element-caption\">Peter Szab\u00f3 <br>v\/o Sapka<\/figcaption><\/figure>\n<\/div><\/div>\n\n\n\n<div class=\"wp-block-column is-layout-flow wp-block-column-is-layout-flow\"><div class=\"wp-block-image\">\n<figure class=\"aligncenter size-full is-resized\"><img loading=\"lazy\" decoding=\"async\" width=\"500\" height=\"500\" src=\"https:\/\/1019.ch\/wp-content\/uploads\/2022\/03\/Simplicissimus.jpg\" alt=\"\" class=\"wp-image-213\" style=\"width:250px;height:250px\" srcset=\"https:\/\/1019.ch\/wp-content\/uploads\/2022\/03\/Simplicissimus.jpg 500w, https:\/\/1019.ch\/wp-content\/uploads\/2022\/03\/Simplicissimus-300x300.jpg 300w, https:\/\/1019.ch\/wp-content\/uploads\/2022\/03\/Simplicissimus-150x150.jpg 150w\" sizes=\"auto, (max-width: 500px) 100vw, 500px\" \/><figcaption class=\"wp-element-caption\">Harald Beer <br>v\/o Simplicissimus<\/figcaption><\/figure>\n<\/div><\/div>\n\n\n\n<div class=\"wp-block-column is-layout-flow wp-block-column-is-layout-flow\"><div class=\"wp-block-image\">\n<figure class=\"aligncenter size-full is-resized\"><img loading=\"lazy\" decoding=\"async\" width=\"500\" height=\"500\" src=\"https:\/\/1019.ch\/wp-content\/uploads\/2024\/12\/Lipton-1.jpg\" alt=\"\" class=\"wp-image-6468\" style=\"width:250px;height:250px\" srcset=\"https:\/\/1019.ch\/wp-content\/uploads\/2024\/12\/Lipton-1.jpg 500w, https:\/\/1019.ch\/wp-content\/uploads\/2024\/12\/Lipton-1-300x300.jpg 300w, https:\/\/1019.ch\/wp-content\/uploads\/2024\/12\/Lipton-1-150x150.jpg 150w\" sizes=\"auto, (max-width: 500px) 100vw, 500px\" \/><figcaption class=\"wp-element-caption\">Pascal F\u00f6hr<br>v\/o Lipton<\/figcaption><\/figure>\n<\/div><\/div>\n<\/div>\n\n\n\n<div class=\"wp-block-columns has-background is-layout-flex wp-container-core-columns-is-layout-9d6595d7 wp-block-columns-is-layout-flex\" style=\"background-color:#c9e8ff\">\n<div class=\"wp-block-column is-layout-flow wp-block-column-is-layout-flow\">\n<div class=\"wp-block-group has-background\" style=\"background-color:#c9e8ff\"><div class=\"wp-block-group__inner-container is-layout-flow wp-block-group-is-layout-flow\">\n<h2 class=\"wp-block-heading\">Kontakt<\/h2>\n\n\n\n<p>F\u00fcr Fragen, Ausk\u00fcnfte und Vorschl\u00e4ge wende Dich bitte direkt an Martin Fussen.<\/p>\n\n\n\n<ul class=\"wp-block-list\">\n<li>Tel: <a href=\"tel:+41787597206\">0041 (0)78 759 72 06<\/a><\/li>\n\n\n\n<li>Mail: <a href=\"mailto:martin@fussen.ch\">martin@fussen.ch<\/a><\/li>\n<\/ul>\n<\/div><\/div>\n<\/div>\n<\/div>\n\n\n\n<h2 class=\"wp-block-heading has-text-align-left\">Die Studentenverbindung AB Glanzenburger<\/h2>\n\n\n\n<div class=\"wp-block-columns are-vertically-aligned-top has-background is-layout-flex wp-container-core-columns-is-layout-9d6595d7 wp-block-columns-is-layout-flex\" style=\"background-color:#e9e9e9\">\n<div class=\"wp-block-column is-vertically-aligned-top is-layout-flow wp-block-column-is-layout-flow\" style=\"flex-basis:33.33%\"><div class=\"wp-block-image\">\n<figure class=\"alignleft size-full\"><img loading=\"lazy\" decoding=\"async\" width=\"1000\" height=\"1000\" src=\"https:\/\/1019.ch\/wp-content\/uploads\/2022\/03\/WappenGlanzenburger.gif\" alt=\"\" class=\"wp-image-319\"\/><\/figure>\n<\/div><\/div>\n\n\n\n<div class=\"wp-block-column is-vertically-aligned-top is-layout-flow wp-block-column-is-layout-flow\" style=\"flex-basis:66.66%\">\n<p>Die AB Glanzenburger ist eine aktive Studentenverbindung auf dem Platz Z\u00fcrich mit ca. 120 aktiven und ehemaligen Studenten der Z\u00fcrcher Universit\u00e4t und Hochschulen.<\/p>\n\n\n\n<ul class=\"wp-block-list\">\n<li>1959 gegr\u00fcndet<\/li>\n\n\n\n<li>Mitglied im Schweizerischen Studentenverein, dem \u00fcber 70 Verbindungen angeh\u00f6ren<\/li>\n\n\n\n<li>Die Mitglieder verteilen sich +\/- gleichm\u00e4ssig auf ETH und Uni<\/li>\n\n\n\n<li>Farbentragende M\u00e4nnerverbindung<\/li>\n\n\n\n<li>Stammlokal in der Rheinfelder Bierhalle nahe dem Central in Z\u00fcrich<\/li>\n<\/ul>\n\n\n\n<p>Aktueller Pr\u00e4sident (Senior) ist Gjok\u00eb Daka v\/o Raki<\/p>\n\n\n\n<div class=\"wp-block-buttons is-layout-flex wp-block-buttons-is-layout-flex\">\n<div class=\"wp-block-button is-style-primary\"><a class=\"wp-block-button__link wp-element-button\" href=\"http:\/\/www.glanzenburger.ch\" target=\"_blank\" rel=\"noreferrer noopener\">Zur Seite der AB Glanzenburger<\/a><\/div>\n<\/div>\n<\/div>\n<\/div>\n\n\n\n<hr class=\"wp-block-separator has-css-opacity\"\/>\n\n\n\n<h2 class=\"wp-block-heading\">Der Schweizerische Studentenverein<\/h2>\n\n\n\n<div class=\"wp-block-columns are-vertically-aligned-top has-background is-layout-flex wp-container-core-columns-is-layout-9d6595d7 wp-block-columns-is-layout-flex\" style=\"background-color:#e9e9e9\">\n<div class=\"wp-block-column is-vertically-aligned-top is-layout-flow wp-block-column-is-layout-flow\" style=\"flex-basis:33.33%\"><div class=\"wp-block-image\">\n<figure class=\"alignleft size-full\"><img loading=\"lazy\" decoding=\"async\" width=\"1000\" height=\"1000\" src=\"https:\/\/1019.ch\/wp-content\/uploads\/2022\/03\/StV_2.gif\" alt=\"\" class=\"wp-image-317\"\/><\/figure>\n<\/div><\/div>\n\n\n\n<div class=\"wp-block-column is-vertically-aligned-top is-layout-flow wp-block-column-is-layout-flow\" style=\"flex-basis:66.66%\">\n<p>Der Schweizerische Studentenverein (Schw. StV) ist die gr\u00f6sste Vereinigung von Farbentragenden und ihren Studentenverbindungen der Schweiz. <\/p>\n\n\n\n<p>\u00dcber 6\u2019000 aktive und ehemalige Studierende aller Sprachregionen an Mittel-, Hoch- und Fachhochschulen pflegen unter dem Banner des Schw. StV den interdisziplin\u00e4ren Austausch, die Auseinandersetzung mit gesellschafts- und bildungspolitischen Themen sowie das Kn\u00fcpfen und Erhalten lebenslanger Freundschaften.<\/p>\n\n\n\n<p>Aktuelle Pr\u00e4sidentin (CP) ist Marina Glaninger v\/o Ambivalla<\/p>\n\n\n\n<div class=\"wp-block-buttons is-layout-flex wp-block-buttons-is-layout-flex\">\n<div class=\"wp-block-button is-style-primary\"><a class=\"wp-block-button__link wp-element-button\" href=\"https:\/\/schw-stv.ch\/\" target=\"_blank\" rel=\"noreferrer noopener\">Zur Seite des Schweizerischen Studentenvereins<\/a><\/div>\n<\/div>\n<\/div>\n<\/div>\n","protected":false},"excerpt":{"rendered":"<p>Wer sind wir Die Aktion &#8222;1019.ch &#8211; Hilfe f\u00fcr Kriegsopfer in der Ukraine&#8220; wurde von Mitgliedern der Studentenverbindung AB Glanzenburger aus Z\u00fcrich ins Leben gerufen. Als sie zwei Tage nach dem russischen Einmarsch in die Ukraine &#8211; aufgeschreckt von den TV-Bildern &#8211; \u00fcber den Krieg diskutierten, wurde ihnen pl\u00f6tzlich bewusst, wie nahe sich das Ganze&hellip;&nbsp;<a href=\"https:\/\/1019.ch\/?page_id=174\" class=\"\" rel=\"bookmark\">Weiterlesen &raquo;<span class=\"screen-reader-text\">Wer sind wir<\/span><\/a><\/p>\n","protected":false},"author":1,"featured_media":255,"parent":0,"menu_order":0,"comment_status":"closed","ping_status":"closed","template":"","meta":{"neve_meta_sidebar":"","neve_meta_container":"contained","neve_meta_enable_content_width":"","neve_meta_content_width":0,"neve_meta_title_alignment":"","neve_meta_author_avatar":"","neve_post_elements_order":"","neve_meta_disable_header":"","neve_meta_disable_footer":"","neve_meta_disable_title":"","footnotes":""},"class_list":["post-174","page","type-page","status-publish","has-post-thumbnail","hentry"],"featured_image_src":"https:\/\/1019.ch\/wp-content\/uploads\/2022\/03\/Wer_2-scaled.jpg","_links":{"self":[{"href":"https:\/\/1019.ch\/index.php?rest_route=\/wp\/v2\/pages\/174","targetHints":{"allow":["GET"]}}],"collection":[{"href":"https:\/\/1019.ch\/index.php?rest_route=\/wp\/v2\/pages"}],"about":[{"href":"https:\/\/1019.ch\/index.php?rest_route=\/wp\/v2\/types\/page"}],"author":[{"embeddable":true,"href":"https:\/\/1019.ch\/index.php?rest_route=\/wp\/v2\/users\/1"}],"replies":[{"embeddable":true,"href":"https:\/\/1019.ch\/index.php?rest_route=%2Fwp%2Fv2%2Fcomments&post=174"}],"version-history":[{"count":63,"href":"https:\/\/1019.ch\/index.php?rest_route=\/wp\/v2\/pages\/174\/revisions"}],"predecessor-version":[{"id":6871,"href":"https:\/\/1019.ch\/index.php?rest_route=\/wp\/v2\/pages\/174\/revisions\/6871"}],"wp:featuredmedia":[{"embeddable":true,"href":"https:\/\/1019.ch\/index.php?rest_route=\/wp\/v2\/media\/255"}],"wp:attachment":[{"href":"https:\/\/1019.ch\/index.php?rest_route=%2Fwp%2Fv2%2Fmedia&parent=174"}],"curies":[{"name":"wp","href":"https:\/\/api.w.org\/{rel}","templated":true}]}}