{"id":18,"date":"2022-02-28T19:10:19","date_gmt":"2022-02-28T19:10:19","guid":{"rendered":"https:\/\/1019.ch\/?page_id=18"},"modified":"2026-03-31T20:42:02","modified_gmt":"2026-03-31T19:42:02","slug":"1019-ch-ukrainehilfe-der-glanzenburger","status":"publish","type":"page","link":"https:\/\/1019.ch\/","title":{"rendered":"Spenden f\u00fcr die Ukraine"},"content":{"rendered":"\n<div class=\"wp-block-cb-carousel cb-single-slide slider\" data-slick=\"{&quot;slidesToShow&quot;:1,&quot;slidesToScroll&quot;:1,&quot;speed&quot;:0,&quot;arrows&quot;:false,&quot;dots&quot;:false,&quot;autoplay&quot;:true,&quot;autoplaySpeed&quot;:4000,&quot;infinite&quot;:true,&quot;responsive&quot;:[{&quot;breakpoint&quot;:769,&quot;settings&quot;:{&quot;slidesToShow&quot;:1,&quot;slidesToScroll&quot;:1}}]}\">\n<div class=\"wp-block-cb-slide\">\n<div class=\"wp-block-group\"><div class=\"wp-block-group__inner-container is-layout-constrained wp-block-group-is-layout-constrained\">\n<p class=\"has-text-align-center zitat has-medium-font-size\" style=\"font-style:normal;font-weight:600\">&#8222;Dank Ihnen wurde mehr als ein Leben w\u00e4hrend des schrecklichen Krieges gerettet.&#8220;<\/p>\n\n\n\n<p class=\"has-text-align-center autor has-small-font-size\">&#8211; Dr. K. Parkhomenko, Leiter Chirurgie, Spital Charkiw. &#8211;<br><\/p>\n<\/div><\/div>\n<\/div>\n\n\n\n<div class=\"wp-block-cb-slide\">\n<div class=\"wp-block-group has-medium-font-size\"><div class=\"wp-block-group__inner-container is-layout-constrained wp-block-group-is-layout-constrained\">\n<p class=\"has-text-align-center zitat has-medium-font-size\" style=\"font-style:normal;font-weight:600\">&#8222;Ich m\u00f6chte dir von ganzem Herzen danken! Ich habe keine Worte, um meine Gef\u00fchle auszudr\u00fccken!&#8220;<\/p>\n\n\n\n<p class=\"has-text-align-center autor has-small-font-size\">&#8211; Olesia D. &#8211;<\/p>\n<\/div><\/div>\n<\/div>\n\n\n\n<div class=\"wp-block-cb-slide\">\n<div class=\"wp-block-group\"><div class=\"wp-block-group__inner-container is-layout-constrained wp-block-group-is-layout-constrained\">\n<p class=\"has-text-align-center zitat has-medium-font-size\" style=\"font-style:normal;font-weight:600\">&#8222;M\u00f6ge Ihre Freundlichkeit und Grossz\u00fcgigkeit hundertfach zur\u00fcckgezahlt werden.&#8220;<\/p>\n\n\n\n<p class=\"has-text-align-center autor has-small-font-size\">&#8211; Oberstleutnant Viktor GLIANOVSKY. &#8211;<br><\/p>\n<\/div><\/div>\n<\/div>\n\n\n\n<div class=\"wp-block-cb-slide\">\n<div class=\"wp-block-group\"><div class=\"wp-block-group__inner-container is-layout-constrained wp-block-group-is-layout-constrained\">\n<p class=\"has-text-align-center zitat has-medium-font-size\" style=\"font-style:normal;font-weight:600\">&#8222;Ich danke Ihnen f\u00fcr die Bereitschaft uns so schnell zu helfen.&#8220;<\/p>\n\n\n\n<p class=\"has-text-align-center autor has-small-font-size\">&#8211; Amtierender Generaldirektor Igor Zakaluzhny, Spital Lviv &#8211;<\/p>\n<\/div><\/div>\n<\/div>\n\n\n\n<div class=\"wp-block-cb-slide\">\n<div class=\"wp-block-group\"><div class=\"wp-block-group__inner-container is-layout-constrained wp-block-group-is-layout-constrained\">\n<p class=\"has-text-align-center zitat has-medium-font-size\" style=\"font-style:normal;font-weight:600\">&#8222;Die Powerstation wird uns bei der Arbeit mit den Kindern trotz Stromausf\u00e4llen Stabilit\u00e4t bieten.&#8220;<\/p>\n\n\n\n<p class=\"has-text-align-center autor has-small-font-size\">&#8211; Christophora Bushtyn, Schulleiterin in Kiew &#8211;<\/p>\n<\/div><\/div>\n<\/div>\n\n\n\n<div class=\"wp-block-cb-slide\">\n<div class=\"wp-block-group\"><div class=\"wp-block-group__inner-container is-layout-constrained wp-block-group-is-layout-constrained\">\n<p class=\"has-text-align-center zitat has-medium-font-size\" style=\"font-style:normal;font-weight:600\">&#8222;Was Ihr macht, ist unglaublich! Es sind Wunder.&#8220;<\/p>\n\n\n\n<p class=\"has-text-align-center autor has-small-font-size\">&#8211; Natalya M. &#8211;<\/p>\n<\/div><\/div>\n<\/div>\n\n\n\n<div class=\"wp-block-cb-slide\">\n<div class=\"wp-block-group\"><div class=\"wp-block-group__inner-container is-layout-constrained wp-block-group-is-layout-constrained\">\n<p class=\"has-text-align-center zitat has-medium-font-size\" style=\"font-style:normal;font-weight:600\">&#8222;Ein weiterer Generator wird dem Krankenhaus helfen, viele Leben zu retten.&#8220;<\/p>\n\n\n\n<p class=\"has-text-align-center autor has-small-font-size\">&#8211; Andriy N. &#8211;<\/p>\n<\/div><\/div>\n<\/div>\n<\/div>\n\n\n\n<div class=\"wp-block-buttons is-content-justification-center is-layout-flex wp-container-core-buttons-is-layout-16018d1d wp-block-buttons-is-layout-flex\">\n<div class=\"wp-block-button is-style-primary\"><a class=\"wp-block-button__link wp-element-button\" href=\"#Spenden\" rel=\"\">Jetzt f\u00fcr die n\u00e4chste Ukraine-Tour spenden<\/a><\/div>\n<\/div>\n\n\n\n<div style=\"height:77px\" aria-hidden=\"true\" class=\"wp-block-spacer\"><\/div>\n\n\n\n<div class=\"wp-block-columns is-layout-flex wp-container-core-columns-is-layout-9d6595d7 wp-block-columns-is-layout-flex\">\n<div class=\"wp-block-column is-layout-flow wp-block-column-is-layout-flow\">\n<figure class=\"wp-block-image size-large\"><img loading=\"lazy\" decoding=\"async\" width=\"1024\" height=\"268\" src=\"https:\/\/1019.ch\/wp-content\/uploads\/2022\/10\/Marcel-1024x268.jpg\" alt=\"\" class=\"wp-image-2055\" srcset=\"https:\/\/1019.ch\/wp-content\/uploads\/2022\/10\/Marcel-1024x268.jpg 1024w, https:\/\/1019.ch\/wp-content\/uploads\/2022\/10\/Marcel-300x79.jpg 300w, https:\/\/1019.ch\/wp-content\/uploads\/2022\/10\/Marcel-768x201.jpg 768w, https:\/\/1019.ch\/wp-content\/uploads\/2022\/10\/Marcel.jpg 1345w\" sizes=\"auto, (max-width: 1024px) 100vw, 1024px\" \/><\/figure>\n\n\n\n<p><strong>Warum 1019.ch<br><\/strong>Wir haben uns f\u00fcr den Namen 1019 entschieden, weil es exakt 1019 Kilometer von Z\u00fcrich bis an die ukrainische Grenze sind. Nur 1019 Kilometer, die dar\u00fcber entscheiden, ob du zufrieden in deiner warmen Stube sitzt oder um Hab und Gut, deine Freiheit, dein Leben und das Leben deiner Liebsten bangen musst.<\/p>\n<\/div>\n\n\n\n<div class=\"wp-block-column is-layout-flow wp-block-column-is-layout-flow\">\n<figure class=\"wp-block-image size-large\"><img loading=\"lazy\" decoding=\"async\" width=\"1024\" height=\"268\" src=\"https:\/\/1019.ch\/wp-content\/uploads\/2022\/03\/GlanzenburgerUndStV-1-1024x268.jpg\" alt=\"\" class=\"wp-image-265\" srcset=\"https:\/\/1019.ch\/wp-content\/uploads\/2022\/03\/GlanzenburgerUndStV-1-1024x268.jpg 1024w, https:\/\/1019.ch\/wp-content\/uploads\/2022\/03\/GlanzenburgerUndStV-1-300x79.jpg 300w, https:\/\/1019.ch\/wp-content\/uploads\/2022\/03\/GlanzenburgerUndStV-1-768x201.jpg 768w, https:\/\/1019.ch\/wp-content\/uploads\/2022\/03\/GlanzenburgerUndStV-1.jpg 1345w\" sizes=\"auto, (max-width: 1024px) 100vw, 1024px\" \/><\/figure>\n\n\n\n<p><strong>Wer sind wir<\/strong><br>Initiiert wurde die Aktion von der Studentenverbindung <a href=\"http:\/\/www.glanzenburger.ch\">AB Glanzenburger<\/a> aus Z\u00fcrich in Zusammenarbeit mit dem <a href=\"https:\/\/schw-stv.ch\/\">Schweizerischen Studentenverein<\/a>, welchem \u00fcber 6\u2019000 aktive und ehemalige Studierende angeh\u00f6ren. Zu unseren Prinzipien geh\u00f6ren Freundschaft und Solidarit\u00e4t, Werte, die in der aktuellen Situation \u00fcber die Landesgrenzen hinausgehen m\u00fcssen. <a href=\"https:\/\/1019.ch\/?page_id=174\" data-type=\"page\" data-id=\"174\">Mehr zu den Initianten<\/a><\/p>\n<\/div>\n\n\n\n<div class=\"wp-block-column is-layout-flow wp-block-column-is-layout-flow\">\n<figure class=\"wp-block-image size-large\"><img loading=\"lazy\" decoding=\"async\" width=\"1024\" height=\"268\" src=\"https:\/\/1019.ch\/wp-content\/uploads\/2022\/03\/Lastwagen-1024x268.jpg\" alt=\"\" class=\"wp-image-57\" srcset=\"https:\/\/1019.ch\/wp-content\/uploads\/2022\/03\/Lastwagen-1024x268.jpg 1024w, https:\/\/1019.ch\/wp-content\/uploads\/2022\/03\/Lastwagen-300x79.jpg 300w, https:\/\/1019.ch\/wp-content\/uploads\/2022\/03\/Lastwagen-768x201.jpg 768w, https:\/\/1019.ch\/wp-content\/uploads\/2022\/03\/Lastwagen.jpg 1345w\" sizes=\"auto, (max-width: 1024px) 100vw, 1024px\" \/><\/figure>\n\n\n\n<p><strong>Was passiert mit der Spende<\/strong><br>F\u00fcr diese Aktion arbeiten wir mit der Organisation <a href=\"https:\/\/www.ukrainehilfemitherz.ch\/\">Ukrainehilfe mit Herz<\/a> von Marcel K\u00fcbler zusammen und koordinieren unsere Hilfe mit der Studentenverbindung <a href=\"https:\/\/de-de.facebook.com\/tuskobnovalviv\">Obnova Lviv<\/a> \ud83c\uddfa\ud83c\udde6 welche die Situation in der Ukraine bestens kennt und zu der schon lange Kontakte bestehen. So garantieren wir, dass die Spenden rasch und zuverl\u00e4ssig in Form dringend ben\u00f6tigter G\u00fcter ankommen. <a href=\"https:\/\/1019.ch\/?page_id=285\" data-type=\"page\" data-id=\"285\">Mehr zum Ablauf der Aktion<\/a><\/p>\n<\/div>\n<\/div>\n\n\n\n<div class=\"wp-block-group has-background\" style=\"background-color:#c9e8ff\"><div class=\"wp-block-group__inner-container is-layout-constrained wp-block-group-is-layout-constrained\">\n<div class=\"wp-block-columns tourenkilometerspalte is-layout-flex wp-container-core-columns-is-layout-9d6595d7 wp-block-columns-is-layout-flex\">\n<div class=\"wp-block-column tourenkilometerspalte is-layout-flow wp-block-column-is-layout-flow\">\n<p class=\"has-text-align-center touren has-neve-link-color-color has-text-color has-link-color wp-elements-cab7a85bf731fa4d7f08201b97cd1e91\" style=\"font-size:28px;letter-spacing:3px\">Touren in die Ukraine<\/p>\n\n\n\n<div class=\"wp-block-boldblocks-counting-number has-text-align-center tourenwert has-neve-link-color-color has-text-color has-background has-link-color has-x-large-font-size wp-elements-016e03945975afb43b9b8ce72c55ab2c\" style=\"background-color:#c9e8ff;font-style:normal;font-weight:600\"><span class=\"value\" data-value=\"121\" data-start-val=\"0\" data-duration=\"3.5\" data-separator=\"'\" data-decimal=\".\" data-enable-scroll-spy=\"true\" data-scroll-spy-once=\"true\" data-scroll-spy-delay=\"0.5\" data-prefix=\"\" data-suffix=\"\" aria-hidden=\"true\">0<\/span><span class=\"sr-value\">121<\/span><\/div>\n<\/div>\n\n\n\n<div class=\"wp-block-column tourenkilometerspalte is-layout-flow wp-block-column-is-layout-flow\">\n<p class=\"has-text-align-center spenden has-neve-link-color-color has-text-color has-link-color wp-elements-dad9e3c1b8bb00b033a0c74d08cdba0a\" style=\"font-size:28px;letter-spacing:3px;text-transform:none\">Spenden seit M\u00e4rz 2022<\/p>\n\n\n\n<div class=\"wp-block-boldblocks-counting-number has-text-align-center spendenwert has-neve-link-color-color has-text-color has-background has-link-color has-x-large-font-size wp-elements-2d9e60aca671205243d428220d2ebeec\" style=\"background-color:#c9e8ff;font-style:normal;font-weight:600\"><span class=\"prefix\">CHF <\/span><span class=\"value\" data-value=\"2941229\" data-start-val=\"0\" data-duration=\"3.5\" data-separator=\"'\" data-decimal=\".\" data-enable-scroll-spy=\"true\" data-scroll-spy-once=\"true\" data-scroll-spy-delay=\"0.5\" data-prefix=\"CHF \" data-suffix=\"\"><\/span><\/div>\n<\/div>\n\n\n\n<div class=\"wp-block-column is-layout-flow wp-block-column-is-layout-flow\">\n<p class=\"has-text-align-center kilometer has-neve-link-color-color has-text-color has-link-color wp-elements-d27f9e06cb7cc12e9ee3529bdd7f0f8a\" style=\"font-size:28px;letter-spacing:3px\">Gefahrene Kilometer<\/p>\n\n\n\n<div class=\"wp-block-boldblocks-counting-number has-text-align-center kilometerwert has-neve-link-color-color has-text-color has-background has-link-color has-x-large-font-size wp-elements-313f58bd5e44fb018acc7b1ce83302b3\" style=\"background-color:#c9e8ff;font-style:normal;font-weight:600\"><span class=\"value\" data-value=\"433950\" data-start-val=\"0\" data-duration=\"3.5\" data-separator=\"'\" data-decimal=\".\" data-enable-scroll-spy=\"true\" data-scroll-spy-once=\"true\" data-scroll-spy-delay=\"0.5\" data-prefix=\"\" data-suffix=\" km\" aria-hidden=\"true\">0<\/span><span class=\"sr-value\">433950<\/span><span class=\"suffix\"> km<\/span><\/div>\n<\/div>\n<\/div>\n\n\n\n<div style=\"height:8px\" aria-hidden=\"true\" class=\"wp-block-spacer\"><\/div>\n<\/div><\/div>\n\n\n\n<p class=\"has-text-align-right\">Stand: 31.03.2026<\/p>\n\n\n\n<div style=\"height:46px\" aria-hidden=\"true\" class=\"wp-block-spacer\"><\/div>\n\n\n\n<h2 class=\"wp-block-heading\" id=\"0-jahresbericht-2023\" style=\"letter-spacing:-0.5px\">Jahresberichte herunterladen<\/h2>\n\n\n\n<div class=\"wp-block-columns has-background is-layout-flex wp-container-core-columns-is-layout-9d6595d7 wp-block-columns-is-layout-flex\" style=\"background-color:#e9e9e9\">\n<div class=\"wp-block-column is-layout-flow wp-block-column-is-layout-flow\">\n<div class=\"wp-block-buttons has-custom-font-size has-small-font-size is-horizontal is-content-justification-center is-nowrap is-layout-flex wp-container-core-buttons-is-layout-fc65f29c wp-block-buttons-is-layout-flex\">\n<div class=\"wp-block-button has-custom-width wp-block-button__width-100 is-style-primary\"><a class=\"wp-block-button__link has-medium-font-size has-custom-font-size wp-element-button\" href=\"https:\/\/1019.ch\/wp-content\/uploads\/2022\/12\/Ukrainehilfe_1019_Jahresbericht_2022.pdf\" target=\"_blank\" rel=\"noreferrer noopener\">2022<\/a><\/div>\n<\/div>\n<\/div>\n\n\n\n<div class=\"wp-block-column is-layout-flow wp-block-column-is-layout-flow\">\n<div class=\"wp-block-buttons has-custom-font-size has-small-font-size is-horizontal is-content-justification-center is-nowrap is-layout-flex wp-container-core-buttons-is-layout-fc65f29c wp-block-buttons-is-layout-flex\">\n<div class=\"wp-block-button has-custom-width wp-block-button__width-100 is-style-primary\"><a class=\"wp-block-button__link has-medium-font-size has-custom-font-size wp-element-button\" href=\"https:\/\/1019.ch\/wp-content\/uploads\/2023\/12\/1019_Ukrainehilfe_Jahresbericht_2023.pdf\" target=\"_blank\" rel=\"noreferrer noopener\">2023<\/a><\/div>\n<\/div>\n<\/div>\n\n\n\n<div class=\"wp-block-column is-layout-flow wp-block-column-is-layout-flow\">\n<div class=\"wp-block-buttons has-custom-font-size has-small-font-size is-horizontal is-content-justification-center is-nowrap is-layout-flex wp-container-core-buttons-is-layout-fc65f29c wp-block-buttons-is-layout-flex\">\n<div class=\"wp-block-button has-custom-width wp-block-button__width-100 is-style-primary\"><a class=\"wp-block-button__link has-nv-site-bg-color has-neve-link-hover-color-background-color has-text-color has-background has-link-color has-medium-font-size has-custom-font-size wp-element-button\" href=\"https:\/\/1019.ch\/wp-content\/uploads\/2025\/01\/1019_Ukrainehilfe_Jahresbericht_2024.pdf\" target=\"_blank\" rel=\"noreferrer noopener\">2024<\/a><\/div>\n<\/div>\n<\/div>\n\n\n\n<div class=\"wp-block-column is-layout-flow wp-block-column-is-layout-flow\">\n<div class=\"wp-block-buttons has-custom-font-size has-small-font-size is-horizontal is-content-justification-center is-nowrap is-layout-flex wp-container-core-buttons-is-layout-fc65f29c wp-block-buttons-is-layout-flex\">\n<div class=\"wp-block-button has-custom-width wp-block-button__width-100 is-style-primary\"><a class=\"wp-block-button__link has-neve-text-color-color has-text-color has-background has-link-color has-medium-font-size has-custom-font-size wp-element-button\" href=\"https:\/\/1019.ch\/wp-content\/uploads\/2026\/01\/1019_Ukrainehilfe_Jahresbericht_2025.pdf\" style=\"background-color:#f0cd07\" target=\"_blank\" rel=\"noreferrer noopener\">2025<\/a><\/div>\n<\/div>\n<\/div>\n<\/div>\n\n\n\n<div style=\"height:46px\" aria-hidden=\"true\" class=\"wp-block-spacer\"><\/div>\n\n\n\n<p id=\"Spenden\"><\/p>\n\n\n\n<h2 class=\"wp-block-heading\" id=\"1-drei-arten-zu-spenden\" style=\"letter-spacing:-0.5px\">Drei Arten zu spenden<\/h2>\n\n\n\n<div class=\"wp-block-columns has-background is-layout-flex wp-container-core-columns-is-layout-9d6595d7 wp-block-columns-is-layout-flex\" style=\"background-color:#e9e9e9\">\n<div class=\"wp-block-column has-background is-layout-flow wp-block-column-is-layout-flow\" style=\"background-color:#e9e9e9\">\n<h2 class=\"wp-block-heading has-nv-c-2-color has-text-color has-large-font-size\" id=\"2-1-%C3%BCberweisung-\">1: <strong>\u00dcberweisung<\/strong><\/h2>\n\n\n\n<div class=\"wp-block-columns is-layout-flex wp-container-core-columns-is-layout-9d6595d7 wp-block-columns-is-layout-flex\">\n<div class=\"wp-block-column is-vertically-aligned-top is-layout-flow wp-block-column-is-layout-flow\" style=\"flex-basis:50%\">\n<p>\u00dcberweise den Betrag direkt auf folgendes Konto:<br>IBAN: <strong>CH12 8080 8004 1651 2857 5<\/strong><\/p>\n\n\n\n<p>Schweizerischer Studentenverein<br>Gerliswilstrasse 71<br>6020 Emmenbr\u00fccke<br>Vermerk: 1019 &#8211; Ukraine<br>BIC: RAIFCH22B77<\/p>\n\n\n\n<p>Oder scanne einfach den folgenden QR-Rechnungscode mit der Scan &amp; Pay Funktion deiner Banking App respektive lade <a href=\"https:\/\/1019.ch\/wp-content\/uploads\/2024\/04\/Einzahlungsschein_1019-1.pdf\">hier den Einzahlungsschein als PDF herunter.<\/a><\/p>\n\n\n\n<p><em>Spenden an 1019.ch k\u00f6nnen von den Steuern abgezogen werden. Siehe <a href=\"https:\/\/1019.ch\/wp-content\/uploads\/2024\/01\/1019_ch_Steuerbefreiung.pdf\" data-type=\"attachment\" data-id=\"5086\">Entscheid Beh\u00f6rde<\/a><\/em><\/p>\n<\/div>\n\n\n\n<div class=\"wp-block-column is-layout-flow wp-block-column-is-layout-flow\" style=\"flex-basis:50%\"><div class=\"wp-block-image\">\n<figure class=\"aligncenter size-full is-resized\"><img loading=\"lazy\" decoding=\"async\" width=\"820\" height=\"820\" src=\"https:\/\/1019.ch\/wp-content\/uploads\/2022\/03\/QR_Raiffeisen.png\" alt=\"\" class=\"wp-image-381\" style=\"width:410px\" srcset=\"https:\/\/1019.ch\/wp-content\/uploads\/2022\/03\/QR_Raiffeisen.png 820w, https:\/\/1019.ch\/wp-content\/uploads\/2022\/03\/QR_Raiffeisen-300x300.png 300w, https:\/\/1019.ch\/wp-content\/uploads\/2022\/03\/QR_Raiffeisen-150x150.png 150w, https:\/\/1019.ch\/wp-content\/uploads\/2022\/03\/QR_Raiffeisen-768x768.png 768w\" sizes=\"auto, (max-width: 820px) 100vw, 820px\" \/><\/figure>\n<\/div><\/div>\n<\/div>\n<\/div>\n<\/div>\n\n\n\n<div class=\"wp-block-columns has-background is-layout-flex wp-container-core-columns-is-layout-9d6595d7 wp-block-columns-is-layout-flex\" style=\"background-color:#e9e9e9\">\n<div class=\"wp-block-column is-layout-flow wp-block-column-is-layout-flow\">\n<p class=\"has-nv-c-2-color has-text-color has-large-font-size\"><strong>2: TWINT<\/strong><\/p>\n\n\n\n<div class=\"wp-block-columns is-layout-flex wp-container-core-columns-is-layout-9d6595d7 wp-block-columns-is-layout-flex\">\n<div class=\"wp-block-column is-layout-flow wp-block-column-is-layout-flow\" style=\"flex-basis:50%\">\n<p><strong>Variante A<\/strong><br>Wenn du diese Seite an deinem Computer aufgerufen hast:<br><br>A) QR Code mit TWINT App des Handys scannen. <br>B) Betrag und Spende best\u00e4tigen.<\/p>\n\n\n\n<figure class=\"wp-block-image size-full is-resized\"><img loading=\"lazy\" decoding=\"async\" width=\"359\" height=\"357\" src=\"https:\/\/1019.ch\/wp-content\/uploads\/2022\/03\/TWINT_STV_QR-1.png\" alt=\"\" class=\"wp-image-409\" style=\"width:269px;height:268px\" srcset=\"https:\/\/1019.ch\/wp-content\/uploads\/2022\/03\/TWINT_STV_QR-1.png 359w, https:\/\/1019.ch\/wp-content\/uploads\/2022\/03\/TWINT_STV_QR-1-300x298.png 300w, https:\/\/1019.ch\/wp-content\/uploads\/2022\/03\/TWINT_STV_QR-1-150x150.png 150w\" sizes=\"auto, (max-width: 359px) 100vw, 359px\" \/><\/figure>\n\n\n\n<div style=\"height:30px\" aria-hidden=\"true\" class=\"wp-block-spacer\"><\/div>\n<\/div>\n\n\n\n<div class=\"wp-block-column is-layout-flow wp-block-column-is-layout-flow\" style=\"flex-basis:50%\">\n<p><strong>Variante B<\/strong><br>Wenn du diese Seite mit dem Handy aufgerufen hast auf dem auch deine TWINT App installiert ist, kannst du einfach auf den folgenden Button klicken:<\/p>\n\n\n\n<div class=\"wp-block-buttons is-layout-flex wp-block-buttons-is-layout-flex\">\n<div class=\"wp-block-button is-style-primary\"><a class=\"wp-block-button__link wp-element-button\" href=\"https:\/\/donate.raisenow.io\/pwzkp\" target=\"_blank\" rel=\"noreferrer noopener\">PER TWINT APP SPENDEN<\/a><\/div>\n<\/div>\n\n\n\n<p><\/p>\n\n\n\n<p><em>Spenden an 1019.ch k\u00f6nnen von den Steuern abgezogen werden. Siehe <a href=\"https:\/\/1019.ch\/wp-content\/uploads\/2024\/01\/1019_ch_Steuerbefreiung.pdf\" data-type=\"attachment\" data-id=\"5086\">Entscheid Beh\u00f6rde<\/a><\/em><\/p>\n<\/div>\n<\/div>\n<\/div>\n<\/div>\n\n\n\n<div class=\"wp-block-columns has-background is-layout-flex wp-container-core-columns-is-layout-9d6595d7 wp-block-columns-is-layout-flex\" style=\"background-color:#e9e9e9\">\n<div class=\"wp-block-column is-layout-flow wp-block-column-is-layout-flow\">\n<p class=\"has-nv-c-2-color has-text-color has-large-font-size\"><strong>3: PayPal<\/strong><\/p>\n\n\n\n<div class=\"wp-block-columns is-layout-flex wp-container-core-columns-is-layout-9d6595d7 wp-block-columns-is-layout-flex\">\n<div class=\"wp-block-column is-layout-flow wp-block-column-is-layout-flow\" style=\"flex-basis:50%\">\n<p><strong>Variante A<\/strong><br>Den folgenden Code mit dem Mobiltelefon scannen.<\/p>\n\n\n\n<figure class=\"wp-block-image size-full is-resized\"><img loading=\"lazy\" decoding=\"async\" width=\"500\" height=\"500\" src=\"https:\/\/1019.ch\/wp-content\/uploads\/2024\/11\/qrcode.png\" alt=\"\" class=\"wp-image-6251\" style=\"width:361px;height:auto\" srcset=\"https:\/\/1019.ch\/wp-content\/uploads\/2024\/11\/qrcode.png 500w, https:\/\/1019.ch\/wp-content\/uploads\/2024\/11\/qrcode-300x300.png 300w, https:\/\/1019.ch\/wp-content\/uploads\/2024\/11\/qrcode-150x150.png 150w\" sizes=\"auto, (max-width: 500px) 100vw, 500px\" \/><\/figure>\n<\/div>\n\n\n\n<div class=\"wp-block-column is-layout-flow wp-block-column-is-layout-flow\" style=\"flex-basis:50%\">\n<p class=\"has-neve-text-color-color has-text-color has-link-color wp-elements-b79f4208967cf6069dfe2943fcd68e42\"><strong>Variante B<\/strong><br>Direkt in PayPal an folgende Adresse spenden.<\/p>\n\n\n\n<p class=\"has-neve-text-color-color has-text-color has-link-color wp-elements-fcb94888ee52ba0e064145a834fe6b70\" style=\"font-size:38px\"><strong>donate@1019.ch<\/strong><\/p>\n\n\n\n<p><em>Spenden an 1019.ch k\u00f6nnen von den Steuern abgezogen werden. Siehe <a href=\"https:\/\/1019.ch\/wp-content\/uploads\/2024\/01\/1019_ch_Steuerbefreiung.pdf\" data-type=\"attachment\" data-id=\"5086\">Entscheid Beh\u00f6rde<\/a><\/em><\/p>\n<\/div>\n<\/div>\n<\/div>\n<\/div>\n\n\n\n<div class=\"wp-block-columns has-background is-layout-flex wp-container-core-columns-is-layout-9d6595d7 wp-block-columns-is-layout-flex\" style=\"background-color:#c9e8ff\">\n<div class=\"wp-block-column is-layout-flow wp-block-column-is-layout-flow\">\n<div class=\"wp-block-group has-background\" style=\"background-color:#c9e8ff\"><div class=\"wp-block-group__inner-container is-layout-flow wp-block-group-is-layout-flow\">\n<h2 class=\"wp-block-heading\" id=\"3-kontakt\">Kontakt<\/h2>\n\n\n\n<p>F\u00fcr Fragen, Ausk\u00fcnfte und Vorschl\u00e4ge wende Dich bitte direkt an Martin Fussen.<\/p>\n\n\n\n<ul class=\"wp-block-list\">\n<li>Tel: <a href=\"tel:+41787597206\">0041 (0)78 759 72 06<\/a><\/li>\n\n\n\n<li>Mail: <a href=\"mailto:martin@fussen.ch\">martin@fussen.ch<\/a><\/li>\n<\/ul>\n<\/div><\/div>\n<\/div>\n<\/div>\n","protected":false},"excerpt":{"rendered":"<p>Warum 1019.chWir haben uns f\u00fcr den Namen 1019 entschieden, weil es exakt 1019 Kilometer von Z\u00fcrich bis an die ukrainische Grenze sind. Nur 1019 Kilometer, die dar\u00fcber entscheiden, ob du zufrieden in deiner warmen Stube sitzt oder um Hab und Gut, deine Freiheit, dein Leben und das Leben deiner Liebsten bangen musst. Wer sind wirInitiiert&hellip;&nbsp;<a href=\"https:\/\/1019.ch\/\" class=\"\" rel=\"bookmark\">Weiterlesen &raquo;<span class=\"screen-reader-text\">Spenden f\u00fcr die Ukraine<\/span><\/a><\/p>\n","protected":false},"author":1,"featured_media":3607,"parent":0,"menu_order":0,"comment_status":"closed","ping_status":"closed","template":"","meta":{"neve_meta_sidebar":"","neve_meta_container":"contained","neve_meta_enable_content_width":"off","neve_meta_content_width":70,"neve_meta_title_alignment":"","neve_meta_author_avatar":"","neve_post_elements_order":"","neve_meta_disable_header":"","neve_meta_disable_footer":"","neve_meta_disable_title":"off","footnotes":""},"class_list":["post-18","page","type-page","status-publish","has-post-thumbnail","hentry"],"featured_image_src":"https:\/\/1019.ch\/wp-content\/uploads\/2023\/04\/BannerKind2-2-scaled.jpg","_links":{"self":[{"href":"https:\/\/1019.ch\/index.php?rest_route=\/wp\/v2\/pages\/18","targetHints":{"allow":["GET"]}}],"collection":[{"href":"https:\/\/1019.ch\/index.php?rest_route=\/wp\/v2\/pages"}],"about":[{"href":"https:\/\/1019.ch\/index.php?rest_route=\/wp\/v2\/types\/page"}],"author":[{"embeddable":true,"href":"https:\/\/1019.ch\/index.php?rest_route=\/wp\/v2\/users\/1"}],"replies":[{"embeddable":true,"href":"https:\/\/1019.ch\/index.php?rest_route=%2Fwp%2Fv2%2Fcomments&post=18"}],"version-history":[{"count":609,"href":"https:\/\/1019.ch\/index.php?rest_route=\/wp\/v2\/pages\/18\/revisions"}],"predecessor-version":[{"id":7656,"href":"https:\/\/1019.ch\/index.php?rest_route=\/wp\/v2\/pages\/18\/revisions\/7656"}],"wp:featuredmedia":[{"embeddable":true,"href":"https:\/\/1019.ch\/index.php?rest_route=\/wp\/v2\/media\/3607"}],"wp:attachment":[{"href":"https:\/\/1019.ch\/index.php?rest_route=%2Fwp%2Fv2%2Fmedia&parent=18"}],"curies":[{"name":"wp","href":"https:\/\/api.w.org\/{rel}","templated":true}]}}