{"id":589,"date":"2022-03-01T11:46:55","date_gmt":"2022-03-01T10:46:55","guid":{"rendered":"https:\/\/1019.ch\/?page_id=589"},"modified":"2022-09-12T13:43:34","modified_gmt":"2022-09-12T12:43:34","slug":"imprimer","status":"publish","type":"page","link":"https:\/\/1019.ch\/?page_id=589&lang=fr","title":{"rendered":"Mention l\u00e9gale"},"content":{"rendered":"\n<h1 class=\"wp-block-heading\">Mention l\u00e9gale<\/h1>\n\n<p>Derri\u00e8re la campagne &#8222;1019.ch &#8211; Aide aux victimes de la guerre en Ukraine&#8220; se trouvent l&#8217;association \u00e9tudiante AB Glanzenburger de Zurich et l&#8217;association des \u00e9tudiante suisse.<\/p>\n\n<div class=\"wp-block-columns has-background is-layout-flex wp-container-core-columns-is-layout-9d6595d7 wp-block-columns-is-layout-flex\" style=\"background-color:#e9e9e9\">\n<div class=\"wp-block-column is-layout-flow wp-block-column-is-layout-flow\">\n<p><strong>AB Glanzenburger<\/strong><br\/>c\/o Rheinfelder Bierhalle<br\/>Niederdorfstrasse 76<br\/>8001 Z\u00fcrich<br\/><a href=\"http:\/\/glanzenburger.ch\">glanzenburger.ch<\/a><br\/><a href=\"mailto:senior@glanzenburger.ch\">senior@glanzenburger.ch<\/a><\/p>\n<\/div>\n\n\n\n<div class=\"wp-block-column is-layout-flow wp-block-column-is-layout-flow\">\n<p><strong>Schweizerischer Studentenverein<\/strong><br\/>Gerliswilstrasse 71<br\/>Bo\u00eete postale<br\/>6020 Emmenbr\u00fccke<br\/>+41 41 269 65 50<br\/><a href=\"https:\/\/schw-stv.ch\/\">schw-stv.ch<\/a><br\/><a href=\"mailto:office@schw-stv.ch\">office@schw-stv.ch<\/a><\/p>\n<\/div>\n\n\n\n<div class=\"wp-block-column is-layout-flow wp-block-column-is-layout-flow\">\n<p><strong>Martin Fussen<\/strong><br\/>+41 78 759 72 06<br\/><a href=\"mailto:martin@fussen.ch\">martin@fussen.ch<\/a><\/p>\n<\/div>\n<\/div>\n\n<p><\/p>\n","protected":false},"excerpt":{"rendered":"<p>Mention l\u00e9gale Derri\u00e8re la campagne &#8222;1019.ch &#8211; Aide aux victimes de la guerre en Ukraine&#8220; se trouvent l&#8217;association \u00e9tudiante AB Glanzenburger de Zurich et l&#8217;association des \u00e9tudiante suisse. AB Glanzenburgerc\/o Rheinfelder BierhalleNiederdorfstrasse 768001 Z\u00fcrichglanzenburger.chsenior@glanzenburger.ch Schweizerischer StudentenvereinGerliswilstrasse 71Bo\u00eete postale6020 Emmenbr\u00fccke+41 41 269 65 50schw-stv.choffice@schw-stv.ch Martin Fussen+41 78 759 72 06martin@fussen.ch<\/p>\n","protected":false},"author":1,"featured_media":545,"parent":0,"menu_order":0,"comment_status":"closed","ping_status":"closed","template":"","meta":{"neve_meta_sidebar":"","neve_meta_container":"","neve_meta_enable_content_width":"","neve_meta_content_width":0,"neve_meta_title_alignment":"","neve_meta_author_avatar":"","neve_post_elements_order":"","neve_meta_disable_header":"","neve_meta_disable_footer":"","neve_meta_disable_title":"off","footnotes":""},"class_list":["post-589","page","type-page","status-publish","has-post-thumbnail","hentry"],"featured_image_src":"https:\/\/1019.ch\/wp-content\/uploads\/2022\/03\/smartphone-and-laptop-2021-08-26-16-24-19-utc-scaled.jpg","_links":{"self":[{"href":"https:\/\/1019.ch\/index.php?rest_route=\/wp\/v2\/pages\/589","targetHints":{"allow":["GET"]}}],"collection":[{"href":"https:\/\/1019.ch\/index.php?rest_route=\/wp\/v2\/pages"}],"about":[{"href":"https:\/\/1019.ch\/index.php?rest_route=\/wp\/v2\/types\/page"}],"author":[{"embeddable":true,"href":"https:\/\/1019.ch\/index.php?rest_route=\/wp\/v2\/users\/1"}],"replies":[{"embeddable":true,"href":"https:\/\/1019.ch\/index.php?rest_route=%2Fwp%2Fv2%2Fcomments&post=589"}],"version-history":[{"count":10,"href":"https:\/\/1019.ch\/index.php?rest_route=\/wp\/v2\/pages\/589\/revisions"}],"predecessor-version":[{"id":1983,"href":"https:\/\/1019.ch\/index.php?rest_route=\/wp\/v2\/pages\/589\/revisions\/1983"}],"wp:featuredmedia":[{"embeddable":true,"href":"https:\/\/1019.ch\/index.php?rest_route=\/wp\/v2\/media\/545"}],"wp:attachment":[{"href":"https:\/\/1019.ch\/index.php?rest_route=%2Fwp%2Fv2%2Fmedia&parent=589"}],"curies":[{"name":"wp","href":"https:\/\/api.w.org\/{rel}","templated":true}]}}