{"id":592,"date":"2022-03-02T00:28:35","date_gmt":"2022-03-01T23:28:35","guid":{"rendered":"https:\/\/1019.ch\/?page_id=592"},"modified":"2026-02-27T18:14:50","modified_gmt":"2026-02-27T17:14:50","slug":"projet-daide","status":"publish","type":"page","link":"https:\/\/1019.ch\/?page_id=592&lang=fr","title":{"rendered":"Projet d&#8217;aide"},"content":{"rendered":"\n<h1 class=\"wp-block-heading\">Projet d&#8217;aide<\/h1>\n\n<h2 class=\"wp-block-heading\">Une aide imm\u00e9diate sur place<\/h2>\n\n<p>Les personnes et les \u00e9tablissements de sant\u00e9 sur place ont actuellement un besoin urgent de produits m\u00e9dicaux, de m\u00e9dicaments et de g\u00e9n\u00e9rateurs pour pallier les coupures de courant. En outre, il faut prot\u00e9ger les gens du froid en hiver. L&#8217;argent donn\u00e9 sera utilis\u00e9 pour l&#8217;achat de toutes ces choses. Des partenaires logistiques en Suisse et en Autriche organisent ensuite les transports directement vers la zone de guerre.<\/p>\n<div class=\"wp-block-image\">\n<figure class=\"aligncenter size-full\"><img loading=\"lazy\" decoding=\"async\" width=\"2560\" height=\"1779\" src=\"https:\/\/1019.ch\/wp-content\/uploads\/2025\/08\/HilfeleistungenMap_1019_V2-scaled.jpg\" alt=\"\" class=\"wp-image-6978\" srcset=\"https:\/\/1019.ch\/wp-content\/uploads\/2025\/08\/HilfeleistungenMap_1019_V2-scaled.jpg 2560w, https:\/\/1019.ch\/wp-content\/uploads\/2025\/08\/HilfeleistungenMap_1019_V2-300x209.jpg 300w, https:\/\/1019.ch\/wp-content\/uploads\/2025\/08\/HilfeleistungenMap_1019_V2-1024x712.jpg 1024w, https:\/\/1019.ch\/wp-content\/uploads\/2025\/08\/HilfeleistungenMap_1019_V2-768x534.jpg 768w, https:\/\/1019.ch\/wp-content\/uploads\/2025\/08\/HilfeleistungenMap_1019_V2-1536x1068.jpg 1536w, https:\/\/1019.ch\/wp-content\/uploads\/2025\/08\/HilfeleistungenMap_1019_V2-2048x1424.jpg 2048w\" sizes=\"auto, (max-width: 2560px) 100vw, 2560px\" \/><\/figure>\n<\/div>\n<div style=\"height:40px\" aria-hidden=\"true\" class=\"wp-block-spacer\"><\/div>\n\n<h3 class=\"wp-block-heading\">Liste des livraisons<\/h3>\n\n<p>Vous trouverez ici un aper\u00e7u des livraisons pr\u00e9c\u00e9dentes. Derni\u00e8re mise \u00e0 jour 27\/02\/2026<\/p>\n<div id=\"footable_parent_1206\"\n         class=\" footable_parent ninja_table_wrapper loading_ninja_table wp_table_data_press_parent semantic_ui \">\n                <table data-ninja_table_instance=\"ninja_table_instance_0\" data-footable_id=\"1206\" data-filter-delay=\"1000\" aria-label=\"Lieferungen\"            id=\"footable_1206\"\n           data-unique_identifier=\"ninja_table_unique_id_2717303034_1206\"\n           class=\" foo-table ninja_footable foo_table_1206 ninja_table_unique_id_2717303034_1206 ui table  nt_type_ajax_table selectable striped compact vertical_centered  footable-paging-right ninja_table_search_disabled ninja_table_pro\">\n                <colgroup>\n                            <col class=\"ninja_column_0 \">\n                            <col class=\"ninja_column_1 \">\n                            <col class=\"ninja_column_2 \">\n                            <col class=\"ninja_column_3 xs sm\">\n                            <col class=\"ninja_column_4 xs sm\">\n                    <\/colgroup>\n            <\/table>\n    \n    \n    \n<\/div>\n\n\n<div style=\"height:20px\" aria-hidden=\"true\" class=\"wp-block-spacer\"><\/div>\n\n<p><\/p>\n\n<h2 class=\"wp-block-heading\">Aide aux personnes en fuite<\/h2>\n\n<p>Les Ukrainiens qui ont d\u00fb quitter leur pays ont \u00e9galement besoin d&#8217;aide. C&#8217;est pourquoi nous les soutenons \u00e9galement de mani\u00e8re ponctuelle. Que ce soit dans les pays voisins de l&#8217;Ukraine ou en Suisse<\/p>\n\n<h3 class=\"wp-block-heading\">Mesures en dehors de l&#8217;Ukraine<\/h3>\n\n<div class=\"wp-block-group has-background\" style=\"background-color:#e9e9e9\"><div class=\"wp-block-group__inner-container is-layout-flow wp-block-group-is-layout-flow\">\n<div class=\"wp-block-columns has-background is-layout-flex wp-container-core-columns-is-layout-9d6595d7 wp-block-columns-is-layout-flex\" style=\"background-color:#e9e9e9\">\n<div class=\"wp-block-column is-layout-flow wp-block-column-is-layout-flow\">\n<h4 class=\"wp-block-heading\">Soutien en Roumanie<\/h4>\n\n\n\n<p>En avril, nous avons soutenu l&#8217;association Aquila Varadinens d&#8217;Oradea en Roumanie pour l&#8217;h\u00e9bergement de familles ukrainiennes r\u00e9fugi\u00e9es avec une <strong>contribution de 2 500 euros<\/strong> . L&#8217;argent a \u00e9t\u00e9 utilis\u00e9 pour acheter et distribuer des produits d&#8217;\u00e9picerie et des articles de tous les jours.<\/p>\n<\/div>\n\n\n\n<div class=\"wp-block-column is-layout-flow wp-block-column-is-layout-flow\">\n<h4 class=\"wp-block-heading\">Se loger en Suisse<\/h4>\n\n\n\n<p>Gr\u00e2ce \u00e0 une enqu\u00eate aupr\u00e8s des membres de la fraternit\u00e9 \u00e9tudiante AB Glanzenburger, nous avons clarifi\u00e9 le nombre de r\u00e9fugi\u00e9s que nous pouvions accueillir en priv\u00e9. Actuellement, nous pouvons offrir 10 logements. D\u00e9but mai, une <strong>famille de cinq<\/strong> personnes a \u00e9t\u00e9 h\u00e9berg\u00e9e dans son propre appartement \u00e0 Zurich.<\/p>\n<\/div>\n<\/div>\n\n\n\n<div class=\"wp-block-columns has-background is-layout-flex wp-container-core-columns-is-layout-9d6595d7 wp-block-columns-is-layout-flex\" style=\"background-color:#e9e9e9\">\n<div class=\"wp-block-column is-layout-flow wp-block-column-is-layout-flow\">\n<h4 class=\"wp-block-heading\">Traitement \u00e0 Nottwil<\/h4>\n\n\n\n<p>Gr\u00e2ce \u00e0 notre initiative, nous avons pu faire venir en Suisse un Ukrainien de 19 ans de Kiev, paralys\u00e9 depuis f\u00e9vrier, et faire en sorte qu&#8217;il soit soign\u00e9 au centre parapl\u00e9gique de Nottwil. Un traitement qui n&#8217;est plus possible en Ukraine \u00e0 cause de la guerre, mais qui lui redonnera peut-\u00eatre la capacit\u00e9 de marcher.<\/p>\n<\/div>\n\n\n\n<div class=\"wp-block-column is-layout-flow wp-block-column-is-layout-flow\">\n<h4 class=\"wp-block-heading\">Campagne \u00ab Nourriture pour tous \u00bb<\/h4>\n\n\n\n<p>Avec 1000 CHF nous soutenons la campagne \u00ab <a href=\"https:\/\/xn--essen-fr-alle-2ob.ch\/\">Nourriture pour tous<\/a> \u00bb. Depuis mars, l&#8217;initiative, bas\u00e9e \u00e0 Zurich et lanc\u00e9e pendant la pand\u00e9mie, aide \u00e9galement de nombreux r\u00e9fugi\u00e9s ukrainiens avec de la nourriture gratuite. En plus du don, nous soutiendrons la campagne avec de la main-d&#8217;\u0153uvre sur un ou deux samedis.<\/p>\n<\/div>\n<\/div>\n\n\n\n<div class=\"wp-block-columns has-background is-layout-flex wp-container-core-columns-is-layout-9d6595d7 wp-block-columns-is-layout-flex\" style=\"background-color:#e9e9e9\">\n<div class=\"wp-block-column is-layout-flow wp-block-column-is-layout-flow\">\n<h4 class=\"wp-block-heading\">Soutien d&#8217;une famille<\/h4>\n\n\n\n<p>Nous soutenons une famille ukrainienne dans la r\u00e9gion de Zurich. La famille a une fille qui souffre d&#8217;un handicap et a donc besoin d&#8217;aides sp\u00e9cifiques pour les soins. Comme les d\u00e9penses d\u00e9passent les possibilit\u00e9s de la famille d&#8217;accueil et les aides des autorit\u00e9s, nous soutenons la famille par un petit paiement mensuel de 150 CHF.<\/p>\n<\/div>\n<\/div>\n<\/div><\/div>\n\n<h2 class=\"wp-block-heading\">Rapports annuels<\/h2>\n\n<div class=\"wp-block-group has-background\" style=\"background-color:#e9e9e9\"><div class=\"wp-block-group__inner-container is-layout-flow wp-block-group-is-layout-flow\">\n<div class=\"wp-block-columns has-background is-layout-flex wp-container-core-columns-is-layout-9d6595d7 wp-block-columns-is-layout-flex\" style=\"background-color:#e9e9e9\">\n<div class=\"wp-block-column is-layout-flow wp-block-column-is-layout-flow\">\n<p>Dans le rapport annuel, nous faisons une r\u00e9trospective. Le rapport r\u00e9sume nos activit\u00e9s et montre o\u00f9 nous avons \u00e9t\u00e9 actifs et ce que nous avons pu faire bouger. (Les rapports ne sont disponibles qu&#8217;en allemand)<\/p>\n\n\n\n<ul class=\"wp-block-list\">\n<li><a href=\"https:\/\/1019.ch\/wp-content\/uploads\/2022\/12\/Ukrainehilfe_1019_Jahresbericht_2022.pdf\" data-type=\"attachment\" data-id=\"2730\" target=\"_blank\" rel=\"noreferrer noopener\">Rapport annuel 2022<\/a><\/li>\n\n\n\n<li><a href=\"https:\/\/1019.ch\/wp-content\/uploads\/2023\/12\/1019_Ukrainehilfe_Jahresbericht_2023.pdf\" data-type=\"attachment\" data-id=\"4874\" target=\"_blank\" rel=\"noreferrer noopener\">Rapport annuel 2023<\/a><\/li>\n\n\n\n<li><a href=\"https:\/\/1019.ch\/wp-content\/uploads\/2025\/01\/1019_Ukrainehilfe_Jahresbericht_2024.pdf\">Rapport annuel 2024<\/a><\/li>\n<\/ul>\n<\/div>\n<\/div>\n<\/div><\/div>\n\n<h2 class=\"wp-block-heading\">Partenaires et aides<\/h2>\n\n<div class=\"wp-block-group has-background\" style=\"background-color:#e9e9e9\"><div class=\"wp-block-group__inner-container is-layout-constrained wp-block-group-is-layout-constrained\">\n<div class=\"wp-block-columns has-background is-layout-flex wp-container-core-columns-is-layout-9d6595d7 wp-block-columns-is-layout-flex\" style=\"background-color:#e9e9e9\">\n<div class=\"wp-block-column is-layout-flow wp-block-column-is-layout-flow\">\n<p class=\"has-text-align-center has-medium-font-size\"><strong>Aidez l&#8217;Ukraine avec c\u0153ur<\/strong><\/p>\n\n\n<div class=\"wp-block-image\">\n<figure class=\"aligncenter size-large is-resized\"><img loading=\"lazy\" decoding=\"async\" width=\"863\" height=\"1024\" src=\"https:\/\/1019.ch\/wp-content\/uploads\/2022\/06\/hilfemitherz_logo-ohnetext_farbig-rgb-1-863x1024.png\" alt=\"\" class=\"wp-image-1649\" style=\"width:138px;height:164px\" srcset=\"https:\/\/1019.ch\/wp-content\/uploads\/2022\/06\/hilfemitherz_logo-ohnetext_farbig-rgb-1-863x1024.png 863w, https:\/\/1019.ch\/wp-content\/uploads\/2022\/06\/hilfemitherz_logo-ohnetext_farbig-rgb-1-253x300.png 253w, https:\/\/1019.ch\/wp-content\/uploads\/2022\/06\/hilfemitherz_logo-ohnetext_farbig-rgb-1-768x912.png 768w, https:\/\/1019.ch\/wp-content\/uploads\/2022\/06\/hilfemitherz_logo-ohnetext_farbig-rgb-1.png 1000w\" sizes=\"auto, (max-width: 863px) 100vw, 863px\" \/><\/figure>\n<\/div>\n\n\n<p>Nous tenons \u00e0 remercier Marcel et Michelle K\u00fcbler de l&#8217;initiative <a href=\"http:\/\/ukrainehilfemitherz.ch\/\">ukrainehilfemitherz.ch<\/a> pour leur grand soutien dans l&#8217;approvisionnement et le transport de bon nombre de nos fournitures de secours.<\/p>\n<\/div>\n\n\n\n<div class=\"wp-block-column is-layout-flow wp-block-column-is-layout-flow\">\n<p class=\"has-text-align-center has-medium-font-size\"><strong>From Basel With Love (de B\u00e2le avec amour)<\/strong><\/p>\n\n\n<div class=\"wp-block-image\">\n<figure class=\"aligncenter size-full is-resized\"><img loading=\"lazy\" decoding=\"async\" width=\"960\" height=\"960\" src=\"https:\/\/1019.ch\/wp-content\/uploads\/2023\/03\/fromBaselWithLove.jpg\" alt=\"\" class=\"wp-image-3282\" style=\"width:164px;height:164px\" srcset=\"https:\/\/1019.ch\/wp-content\/uploads\/2023\/03\/fromBaselWithLove.jpg 960w, https:\/\/1019.ch\/wp-content\/uploads\/2023\/03\/fromBaselWithLove-300x300.jpg 300w, https:\/\/1019.ch\/wp-content\/uploads\/2023\/03\/fromBaselWithLove-150x150.jpg 150w, https:\/\/1019.ch\/wp-content\/uploads\/2023\/03\/fromBaselWithLove-768x768.jpg 768w\" sizes=\"auto, (max-width: 960px) 100vw, 960px\" \/><\/figure>\n<\/div>\n\n\n<p>Nous remercions l&#8217;association b\u00e2loise<a href=\"https:\/\/www.frombaselwithlove.ch\/\">&#8222;From Basel With Love<\/a>&#8220; pour son grand soutien. Ils nous ont \u00e9t\u00e9 d&#8217;une grande aide, notamment pour l&#8217;emballage et la pr\u00e9paration des dons en nature que nous recevons de plus en plus souvent depuis l&#8217;automne 2022.<\/p>\n<\/div>\n<\/div>\n\n\n\n<div class=\"wp-block-columns has-background is-layout-flex wp-container-core-columns-is-layout-9d6595d7 wp-block-columns-is-layout-flex\" style=\"background-color:#e9e9e9\">\n<div class=\"wp-block-column is-layout-flow wp-block-column-is-layout-flow\">\n<p class=\"has-text-align-center has-medium-font-size\"><strong>Coordinatrice en Ukraine<\/strong><\/p>\n\n\n<div class=\"wp-block-image\">\n<figure class=\"aligncenter size-full is-resized\"><img loading=\"lazy\" decoding=\"async\" width=\"502\" height=\"448\" src=\"https:\/\/1019.ch\/wp-content\/uploads\/2024\/04\/Flagge.jpg\" alt=\"\" class=\"wp-image-5380\" style=\"width:183px;height:auto\" srcset=\"https:\/\/1019.ch\/wp-content\/uploads\/2024\/04\/Flagge.jpg 502w, https:\/\/1019.ch\/wp-content\/uploads\/2024\/04\/Flagge-300x268.jpg 300w\" sizes=\"auto, (max-width: 502px) 100vw, 502px\" \/><\/figure>\n<\/div>\n\n\n<p>Nous remercions Liudmila Chuchko pour la r\u00e9ception, la pr\u00e9paration et la traduction de toutes les demandes d&#8217;aide en provenance d&#8217;Ukraine, ainsi que pour la coordination, la surveillance, la documentation et la distribution fine des livraisons d&#8217;aide qui arrivent.<\/p>\n<\/div>\n\n\n\n<div class=\"wp-block-column is-layout-flow wp-block-column-is-layout-flow\">\n<p class=\"has-text-align-center has-medium-font-size\"><strong>\u00c9quipe charg\u00e9e de l&#8217;achat des m\u00e9dicaments<\/strong><\/p>\n\n\n<div class=\"wp-block-image\">\n<figure class=\"aligncenter size-full is-resized\"><img loading=\"lazy\" decoding=\"async\" width=\"572\" height=\"532\" src=\"https:\/\/1019.ch\/wp-content\/uploads\/2024\/04\/Medikamente.jpg\" alt=\"\" class=\"wp-image-5383\" style=\"width:173px;height:auto\" srcset=\"https:\/\/1019.ch\/wp-content\/uploads\/2024\/04\/Medikamente.jpg 572w, https:\/\/1019.ch\/wp-content\/uploads\/2024\/04\/Medikamente-300x279.jpg 300w\" sizes=\"auto, (max-width: 572px) 100vw, 572px\" \/><\/figure>\n<\/div>\n\n\n<p>Nous remercions Natalya Momot, Viktoriia Shapoval et Sergiy Momot pour leur grand soutien dans la recherche, l&#8217;obtention et l&#8217;envoi d&#8217;une grande partie des m\u00e9dicaments et du mat\u00e9riel m\u00e9dical n\u00e9cessaires.  <\/p>\n<\/div>\n<\/div>\n\n\n\n<div class=\"wp-block-columns has-background is-layout-flex wp-container-core-columns-is-layout-9d6595d7 wp-block-columns-is-layout-flex\" style=\"background-color:#e9e9e9\">\n<div class=\"wp-block-column is-layout-flow wp-block-column-is-layout-flow\">\n<p class=\"has-text-align-center has-medium-font-size\"><strong>Coop\u00e9ration avec Pickup4Ukraine en Allemagne et Lawyers Move \u00e0 Kyiv<\/strong><\/p>\n\n\n<div class=\"wp-block-image\">\n<figure class=\"aligncenter size-full is-resized\"><img loading=\"lazy\" decoding=\"async\" width=\"1933\" height=\"1366\" src=\"https:\/\/1019.ch\/wp-content\/uploads\/2025\/07\/Pickup4Ukraine.jpeg\" alt=\"\" class=\"wp-image-6916\" style=\"width:215px;height:auto\" srcset=\"https:\/\/1019.ch\/wp-content\/uploads\/2025\/07\/Pickup4Ukraine.jpeg 1933w, https:\/\/1019.ch\/wp-content\/uploads\/2025\/07\/Pickup4Ukraine-300x212.jpeg 300w, https:\/\/1019.ch\/wp-content\/uploads\/2025\/07\/Pickup4Ukraine-1024x724.jpeg 1024w, https:\/\/1019.ch\/wp-content\/uploads\/2025\/07\/Pickup4Ukraine-768x543.jpeg 768w, https:\/\/1019.ch\/wp-content\/uploads\/2025\/07\/Pickup4Ukraine-1536x1085.jpeg 1536w\" sizes=\"auto, (max-width: 1933px) 100vw, 1933px\" \/><\/figure>\n<\/div>\n\n\n<p>Nous remercions Michael Sylvester et Annette Ehrnsperger ainsi que toute l&#8217;\u00e9quipe de <a href=\"https:\/\/www.pickup4ukraine.org\">pickup4ukraine.org<\/a> pour l&#8217;acquisition de quatre v\u00e9hicules en Allemagne et pour leur remise en mains propres \u00e0 L&#8217;viv et \u00e0 Kyiv. Nous remercions \u00e9galement l&#8217;association ukrainienne Charity Lawyers Move, qui organisera l\u00e0-bas la transformation de trois v\u00e9hicules \u00e0 des fins d&#8217;\u00e9vacuation. <\/p>\n<\/div>\n<\/div>\n<\/div><\/div>\n\n<h2 class=\"wp-block-heading\">R\u00e9seau international d&#8217;associations d&#8217;\u00e9tudiants<\/h2>\n\n<div class=\"wp-block-columns has-background is-layout-flex wp-container-core-columns-is-layout-9d6595d7 wp-block-columns-is-layout-flex\" style=\"background-color:#e9e9e9\">\n<div class=\"wp-block-column is-layout-flow wp-block-column-is-layout-flow\">\n<p class=\"has-text-align-center has-medium-font-size\"><strong>En Suisse<\/strong><\/p>\n\n\n<div class=\"wp-block-image\">\n<figure class=\"aligncenter size-full is-resized\"><img loading=\"lazy\" decoding=\"async\" width=\"1000\" height=\"1000\" src=\"https:\/\/1019.ch\/wp-content\/uploads\/2022\/03\/StV_2.gif\" alt=\"\" class=\"wp-image-317\" style=\"width:250px;height:250px\"\/><\/figure>\n<\/div>\n\n\n<p>L&#8217;Association des Etudiants Suisses soutient notre campagne de collecte avec son savoir-faire, ses contacts et une communication compl\u00e8te avec tous les porte-drapeaux en Suisse. <\/p>\n\n\n\n<p>En tant qu&#8217;association avec plus de 6 000 \u00e9tudiants actifs et anciens, l&#8217;Association des \u00e9tudiants suisses touche facilement plus de personnes que nous \u00e0 Glanzenburger ne pourrions jamais le faire.<\/p>\n<\/div>\n\n\n\n<div class=\"wp-block-column is-layout-flow wp-block-column-is-layout-flow\">\n<p class=\"has-text-align-center has-medium-font-size\"><strong>En Autriche<\/strong><\/p>\n\n\n<div class=\"wp-block-image\">\n<figure class=\"aligncenter size-full is-resized\"><img loading=\"lazy\" decoding=\"async\" width=\"1000\" height=\"1000\" src=\"https:\/\/1019.ch\/wp-content\/uploads\/2022\/03\/Sagitta.gif\" alt=\"\" class=\"wp-image-323\" style=\"width:252px;height:252px\"\/><\/figure>\n<\/div>\n\n\n<p>L&#8217;association \u00e9tudiante Austria-Sagitta zu Wien est membre de l&#8217;association europ\u00e9enne des cartels EKV et entretient depuis des ann\u00e9es des contacts \u00e9troits avec Obnova Lviv, avec laquelle elle met en \u0153uvre des projets sociaux.<\/p>\n\n\n\n<p>Austria-Sagitta a \u00e9galement planifi\u00e9 son action d&#8217;aide d\u00e8s mars 2022. Nous nous sommes vite rendu compte que les actions se compl\u00e9taient bien et que nous pouvions \u00e9norm\u00e9ment profiter du savoir-faire et des contacts mutuels.<\/p>\n\n\n\n<p>.<\/p>\n<\/div>\n\n\n\n<div class=\"wp-block-column is-layout-flow wp-block-column-is-layout-flow\">\n<p class=\"has-text-align-center has-medium-font-size\"><strong>En Ukraine<\/strong><\/p>\n\n\n<div class=\"wp-block-image\">\n<figure class=\"aligncenter size-full is-resized\"><img loading=\"lazy\" decoding=\"async\" width=\"1000\" height=\"1000\" src=\"https:\/\/1019.ch\/wp-content\/uploads\/2022\/03\/Obnova.gif\" alt=\"\" class=\"wp-image-322\" style=\"width:250px;height:250px\"\/><\/figure>\n<\/div>\n\n\n<p>Comme l&#8217;Autriche-Sagitta, Obnova Lviv (Lemberg) est membre de l&#8217;EKV et \u00e9tait en contact amical \u00e9troit avec l&#8217;Autriche-Sagitta bien avant le d\u00e9clenchement de la crise ukrainienne.<\/p>\n\n\n\n<p>Depuis le d\u00e9but de la guerre, la vie des membres d&#8217;Obnova a radicalement chang\u00e9. Depuis lors, les \u00e9tudiants et leurs familles doivent r\u00e9guli\u00e8rement s\u00e9journer dans des refuges et la peur pour leur vie et leur int\u00e9grit\u00e9 physique est omnipr\u00e9sente.<\/p>\n<\/div>\n<\/div>\n\n<h2 class=\"wp-block-heading\">Donateurs institutionnels<\/h2>\n\n<div class=\"wp-block-columns has-background is-layout-flex wp-container-core-columns-is-layout-9d6595d7 wp-block-columns-is-layout-flex\" style=\"background-color:#e9e9e9\">\n<div class=\"wp-block-column is-layout-flow wp-block-column-is-layout-flow\">\n<ul class=\"wp-block-list\">\n<li><strong>Diversey<\/strong>: Nous tenons \u00e0 remercier tout particuli\u00e8rement la soci\u00e9t\u00e9 Diversey, repr\u00e9sent\u00e9e par M. Marcel Pereira, pour le don de plusieurs tonnes de produits d\u00e9sinfectants et leur transport jusqu&#8217;\u00e0 Vienne. \ud83d\udd17<a rel=\"noreferrer noopener\" href=\"http:\/\/www.diversey.swiss\/\" target=\"_blank\"> diversey.swiss<\/a><\/li>\n\n\n\n<li><strong>Clary Foundation :<\/strong> Nous remercions la fondation Clary de Zoug pour son g\u00e9n\u00e9reux don.<\/li>\n\n\n\n<li><strong>Fondation NAK-Humanitas<\/strong>: Nous tenons \u00e0 remercier chaleureusement la fondation NAK Humanitas pour ses dons g\u00e9n\u00e9reux, notamment en faveur des h\u00f4pitaux de Kharkiv. \ud83d\udd17 <a href=\"https:\/\/nak-humanitas.ch\/\">nak-humanitas.ch<\/a><\/li>\n\n\n\n<li><strong>Fourfould Foundation<\/strong>: Un tr\u00e8s grand merci \u00e0 la fondation Fourfould, bas\u00e9e \u00e0 Rapperswil Jona, pour son don important. \ud83d\udd17 <a href=\"https:\/\/fourfold.ch\/\">fourfold.ch<\/a><\/li>\n\n\n\n<li><strong>Fondation du conseiller commercial princier Guido Feger<\/strong>: nous remercions chaleureusement la fondation du conseiller commercial princier Guido Feger du Liechtenstein pour son grand soutien. \ud83d\udd17 <a href=\"https:\/\/www.guido-feger-stiftung.li\/\">guido-feger-stiftung.li<\/a><\/li>\n\n\n\n<li><strong>Fondation Ilse et Ernst Braunschweig<\/strong>: Un grand merci \u00e0 la fondation Ilse et Ernst Braunschweig pour son soutien.<\/li>\n\n\n\n<li><strong>Cura Children&#8216;<\/strong>s Foundation : nous remercions chaleureusement la Cura Children&#8217;s Foundation pour son important soutien financier et l&#8217;aide propos\u00e9e pour les prochains transports.<\/li>\n\n\n\n<li><strong>Microsynth AG<\/strong>: Nous remercions chaleureusement la soci\u00e9t\u00e9 Microsynth qui nous a fait un don g\u00e9n\u00e9reux pour ce No\u00ebl.<\/li>\n\n\n\n<li><strong>De nombreuses autres entreprises et fondations<\/strong> qui ne souhaitent pas \u00eatre cit\u00e9es nomm\u00e9ment et pr\u00e9f\u00e8rent faire le bien de mani\u00e8re anonyme.  <\/li>\n<\/ul>\n\n\n\n<p class=\"has-nv-c-2-color has-text-color\"><strong>Si vous aussi, en tant que fondation ou entreprise, vous souhaitez soutenir les gens en Ukraine, veuillez nous contacter directement pour obtenir des informations d\u00e9taill\u00e9es. Nous proposons des modes de livraison \u00e9prouv\u00e9s, des contacts personnels, une documentation compl\u00e8te et garantissons que 100% de l&#8217;argent est utilis\u00e9 pour l&#8217;aide.  <\/strong><\/p>\n\n\n\n<p class=\"has-neve-link-hover-color-color has-text-color\"><strong>Contact : 078 759 72 06 <a href=\"mailto:martin@fussen.ch\">martin@fussen.ch<\/a><\/strong><\/p>\n<\/div>\n<\/div>\n\n<h2 class=\"wp-block-heading\">FAQ<\/h2>\n\n<div class=\"wp-block-columns has-background is-layout-flex wp-container-core-columns-is-layout-9d6595d7 wp-block-columns-is-layout-flex\" style=\"background-color:#e9e9e9\">\n<div class=\"wp-block-column is-layout-flow wp-block-column-is-layout-flow\" style=\"flex-basis:100%\">\n<p><strong>Question<\/strong>: Que se passe-t-il si la somme collect\u00e9e est sup\u00e9rieure aux besoins ?<br\/><strong>R\u00e9ponse<\/strong>: Comme toujours dans les situations qui \u00e9voluent de mani\u00e8re dynamique au jour le jour, il est difficile de faire un pronostic pr\u00e9cis sur le moment o\u00f9 qui aura besoin d&#8217;aide et de combien, et de savoir si les offres d&#8217;aide envisag\u00e9es sont encore pertinentes. Si une partie de l&#8217;argent ne pouvait pas \u00eatre utilis\u00e9 comme pr\u00e9vu, il serait transf\u00e9r\u00e9 \u00e0 une grande organisation d&#8217;aide (Croix-Rouge, UNICEF, &#8230;) pour son utilisation en Ukraine.<\/p>\n\n\n\n<p><strong>Question<\/strong> : En tant que donateur, comment puis-je \u00eatre s\u00fbr que mon argent sera utilis\u00e9 dans le but indiqu\u00e9 ?<br\/><strong>R\u00e9ponse<\/strong> : Tous les dons entrants peuvent \u00eatre suivis dans l&#8217;e-banking. Toutes les transactions sont v\u00e9rifi\u00e9es par la Commission d&#8217;audit des entreprises de l&#8217;Association suisse des \u00e9tudiants. L&#8217;utilisation des dons est document\u00e9e (photos &amp; rapports). Voir <a href=\"https:\/\/1019.ch\/?page_id=601&#038;lang=fr\">les photos<\/a> .<\/p>\n\n\n\n<p><strong>Question<\/strong> : De quand \u00e0 quand la campagne doit-elle \u00eatre diffus\u00e9e ?<br\/><strong>R\u00e9ponse<\/strong>: L&#8217;action a d\u00e9but\u00e9 en mars 2022. La dur\u00e9e de l&#8217;action n&#8217;est pas encore claire.<\/p>\n<\/div>\n<\/div>\n\n<p><\/p>\n","protected":false},"excerpt":{"rendered":"<p>Projet d&#8217;aide Une aide imm\u00e9diate sur place Les personnes et les \u00e9tablissements de sant\u00e9 sur place ont actuellement un besoin urgent de produits m\u00e9dicaux, de m\u00e9dicaments et de g\u00e9n\u00e9rateurs pour pallier les coupures de courant. En outre, il faut prot\u00e9ger les gens du froid en hiver. L&#8217;argent donn\u00e9 sera utilis\u00e9 pour l&#8217;achat de toutes ces&hellip;&nbsp;<a href=\"https:\/\/1019.ch\/?page_id=592&#038;lang=fr\" class=\"\" rel=\"bookmark\">Weiterlesen &raquo;<span class=\"screen-reader-text\">Projet d&#8217;aide<\/span><\/a><\/p>\n","protected":false},"author":1,"featured_media":555,"parent":0,"menu_order":0,"comment_status":"closed","ping_status":"closed","template":"","meta":{"neve_meta_sidebar":"","neve_meta_container":"","neve_meta_enable_content_width":"","neve_meta_content_width":0,"neve_meta_title_alignment":"","neve_meta_author_avatar":"","neve_post_elements_order":"","neve_meta_disable_header":"","neve_meta_disable_footer":"","neve_meta_disable_title":"","footnotes":""},"class_list":["post-592","page","type-page","status-publish","has-post-thumbnail","hentry"],"featured_image_src":"https:\/\/1019.ch\/wp-content\/uploads\/2022\/03\/Ablauf-scaled.jpg","_links":{"self":[{"href":"https:\/\/1019.ch\/index.php?rest_route=\/wp\/v2\/pages\/592","targetHints":{"allow":["GET"]}}],"collection":[{"href":"https:\/\/1019.ch\/index.php?rest_route=\/wp\/v2\/pages"}],"about":[{"href":"https:\/\/1019.ch\/index.php?rest_route=\/wp\/v2\/types\/page"}],"author":[{"embeddable":true,"href":"https:\/\/1019.ch\/index.php?rest_route=\/wp\/v2\/users\/1"}],"replies":[{"embeddable":true,"href":"https:\/\/1019.ch\/index.php?rest_route=%2Fwp%2Fv2%2Fcomments&post=592"}],"version-history":[{"count":564,"href":"https:\/\/1019.ch\/index.php?rest_route=\/wp\/v2\/pages\/592\/revisions"}],"predecessor-version":[{"id":7638,"href":"https:\/\/1019.ch\/index.php?rest_route=\/wp\/v2\/pages\/592\/revisions\/7638"}],"wp:featuredmedia":[{"embeddable":true,"href":"https:\/\/1019.ch\/index.php?rest_route=\/wp\/v2\/media\/555"}],"wp:attachment":[{"href":"https:\/\/1019.ch\/index.php?rest_route=%2Fwp%2Fv2%2Fmedia&parent=592"}],"curies":[{"name":"wp","href":"https:\/\/api.w.org\/{rel}","templated":true}]}}