{"id":606,"date":"2022-03-01T20:29:31","date_gmt":"2022-03-01T19:29:31","guid":{"rendered":"https:\/\/1019.ch\/?page_id=606"},"modified":"2025-06-03T08:19:56","modified_gmt":"2025-06-03T07:19:56","slug":"qui-sommes-nous","status":"publish","type":"page","link":"https:\/\/1019.ch\/?page_id=606&lang=fr","title":{"rendered":"qui sommes nous"},"content":{"rendered":"\n<h1 class=\"wp-block-heading\">qui sommes nous<\/h1>\n\n<p>L&#8217;action &#8222;1019.ch &#8211; Aide aux victimes de la guerre en Ukraine&#8220; a \u00e9t\u00e9 lanc\u00e9e par des membres de l&#8217;association \u00e9tudiante AB Glanzenburger de Zurich. Lorsqu&#8217;ils ont discut\u00e9 de la guerre deux jours apr\u00e8s l&#8217;invasion russe de l&#8217;Ukraine &#8211; surpris par les images t\u00e9l\u00e9vis\u00e9es &#8211; ils ont soudainement r\u00e9alis\u00e9 \u00e0 quel point tout cela \u00e9tait proche de se produire. C&#8217;est ainsi qu&#8217;est n\u00e9 le nom de la campagne : 1019 &#8211; la distance en kilom\u00e8tres entre le lieu de rencontre AB Glanzenburger \u00e0 Zurich et la fronti\u00e8re ukrainienne.<\/p>\n\n<h2 class=\"wp-block-heading\">\u00c9quipe<\/h2>\n\n<div class=\"wp-block-columns has-background is-layout-flex wp-container-core-columns-is-layout-9d6595d7 wp-block-columns-is-layout-flex\" style=\"background-color:#e9e9e9\">\n<div class=\"wp-block-column is-layout-flow wp-block-column-is-layout-flow\"><div class=\"wp-block-image\">\n<figure class=\"aligncenter size-full is-resized\"><img loading=\"lazy\" decoding=\"async\" width=\"500\" height=\"500\" src=\"https:\/\/1019.ch\/wp-content\/uploads\/2022\/03\/Monty-3.jpg\" alt=\"\" class=\"wp-image-440\" style=\"width:250px;height:250px\" srcset=\"https:\/\/1019.ch\/wp-content\/uploads\/2022\/03\/Monty-3.jpg 500w, https:\/\/1019.ch\/wp-content\/uploads\/2022\/03\/Monty-3-300x300.jpg 300w, https:\/\/1019.ch\/wp-content\/uploads\/2022\/03\/Monty-3-150x150.jpg 150w\" sizes=\"auto, (max-width: 500px) 100vw, 500px\" \/><figcaption class=\"wp-element-caption\">Martin Fussen<br\/>v\/o Monty<\/figcaption><\/figure>\n<\/div><\/div>\n\n\n\n<div class=\"wp-block-column is-layout-flow wp-block-column-is-layout-flow\"><div class=\"wp-block-image\">\n<figure class=\"aligncenter size-full is-resized\"><img loading=\"lazy\" decoding=\"async\" width=\"500\" height=\"500\" src=\"https:\/\/1019.ch\/wp-content\/uploads\/2022\/03\/Ferment-1.jpg\" alt=\"\" class=\"wp-image-434\" style=\"width:250px;height:250px\" srcset=\"https:\/\/1019.ch\/wp-content\/uploads\/2022\/03\/Ferment-1.jpg 500w, https:\/\/1019.ch\/wp-content\/uploads\/2022\/03\/Ferment-1-300x300.jpg 300w, https:\/\/1019.ch\/wp-content\/uploads\/2022\/03\/Ferment-1-150x150.jpg 150w\" sizes=\"auto, (max-width: 500px) 100vw, 500px\" \/><figcaption class=\"wp-element-caption\">Markus Schmid <br\/>v\/o Ferment<\/figcaption><\/figure>\n<\/div><\/div>\n\n\n\n<div class=\"wp-block-column is-layout-flow wp-block-column-is-layout-flow\"><div class=\"wp-block-image\">\n<figure class=\"aligncenter size-full is-resized\"><img loading=\"lazy\" decoding=\"async\" width=\"500\" height=\"500\" src=\"https:\/\/1019.ch\/wp-content\/uploads\/2022\/03\/Sapka-1.jpg\" alt=\"\" class=\"wp-image-376\" style=\"width:250px;height:250px\" srcset=\"https:\/\/1019.ch\/wp-content\/uploads\/2022\/03\/Sapka-1.jpg 500w, https:\/\/1019.ch\/wp-content\/uploads\/2022\/03\/Sapka-1-300x300.jpg 300w, https:\/\/1019.ch\/wp-content\/uploads\/2022\/03\/Sapka-1-150x150.jpg 150w\" sizes=\"auto, (max-width: 500px) 100vw, 500px\" \/><figcaption class=\"wp-element-caption\">Peter Szab\u00f3 <br\/>v\/o Sapka<\/figcaption><\/figure>\n<\/div><\/div>\n\n\n\n<div class=\"wp-block-column is-layout-flow wp-block-column-is-layout-flow\"><div class=\"wp-block-image\">\n<figure class=\"aligncenter size-full is-resized\"><img loading=\"lazy\" decoding=\"async\" width=\"500\" height=\"500\" src=\"https:\/\/1019.ch\/wp-content\/uploads\/2022\/03\/Simplicissimus.jpg\" alt=\"\" class=\"wp-image-213\" style=\"width:250px;height:250px\" srcset=\"https:\/\/1019.ch\/wp-content\/uploads\/2022\/03\/Simplicissimus.jpg 500w, https:\/\/1019.ch\/wp-content\/uploads\/2022\/03\/Simplicissimus-300x300.jpg 300w, https:\/\/1019.ch\/wp-content\/uploads\/2022\/03\/Simplicissimus-150x150.jpg 150w\" sizes=\"auto, (max-width: 500px) 100vw, 500px\" \/><figcaption class=\"wp-element-caption\">Harald Beer <br\/>v\/o Simplicissimus<\/figcaption><\/figure>\n<\/div><\/div>\n\n\n\n<div class=\"wp-block-column is-layout-flow wp-block-column-is-layout-flow\"><div class=\"wp-block-image\">\n<figure class=\"aligncenter size-full is-resized\"><img loading=\"lazy\" decoding=\"async\" width=\"500\" height=\"500\" src=\"https:\/\/1019.ch\/wp-content\/uploads\/2024\/12\/Lipton-1.jpg\" alt=\"\" class=\"wp-image-6468\" style=\"width:250px;height:250px\" srcset=\"https:\/\/1019.ch\/wp-content\/uploads\/2024\/12\/Lipton-1.jpg 500w, https:\/\/1019.ch\/wp-content\/uploads\/2024\/12\/Lipton-1-300x300.jpg 300w, https:\/\/1019.ch\/wp-content\/uploads\/2024\/12\/Lipton-1-150x150.jpg 150w\" sizes=\"auto, (max-width: 500px) 100vw, 500px\" \/><figcaption class=\"wp-element-caption\">Pascal F\u00f6hr<br\/>v\/o Lipton<\/figcaption><\/figure>\n<\/div><\/div>\n<\/div>\n\n<div class=\"wp-block-columns has-background is-layout-flex wp-container-core-columns-is-layout-9d6595d7 wp-block-columns-is-layout-flex\" style=\"background-color:#c9e8ff\">\n<div class=\"wp-block-column is-layout-flow wp-block-column-is-layout-flow\">\n<div class=\"wp-block-group has-background\" style=\"background-color:#c9e8ff\"><div class=\"wp-block-group__inner-container is-layout-flow wp-block-group-is-layout-flow\">\n<h2 class=\"wp-block-heading\">Contact<\/h2>\n\n\n\n<p>Pour toute question, information ou suggestion, veuillez vous adresser directement \u00e0 M. Martin Fussen.<\/p>\n\n\n\n<ul class=\"wp-block-list\">\n<li>T\u00e9l : <a href=\"tel:+41787597206\">0041 (0)78 759 72 06<\/a><\/li>\n\n\n\n<li>Courrier \u00e9lectronique : <a href=\"mailto:martin@fussen.ch\">martin@fussen.ch<\/a><\/li>\n<\/ul>\n<\/div><\/div>\n<\/div>\n<\/div>\n\n<h2 class=\"wp-block-heading has-text-align-left\">L&#8217;association \u00e9tudiante AB Glanzenburger<\/h2>\n\n<div class=\"wp-block-columns are-vertically-aligned-top has-background is-layout-flex wp-container-core-columns-is-layout-9d6595d7 wp-block-columns-is-layout-flex\" style=\"background-color:#e9e9e9\">\n<div class=\"wp-block-column is-vertically-aligned-top is-layout-flow wp-block-column-is-layout-flow\" style=\"flex-basis:33.33%\"><div class=\"wp-block-image\">\n<figure class=\"alignleft size-full\"><img loading=\"lazy\" decoding=\"async\" width=\"1000\" height=\"1000\" src=\"https:\/\/1019.ch\/wp-content\/uploads\/2022\/03\/WappenGlanzenburger.gif\" alt=\"\" class=\"wp-image-319\"\/><\/figure>\n<\/div><\/div>\n\n\n\n<div class=\"wp-block-column is-vertically-aligned-top is-layout-flow wp-block-column-is-layout-flow\" style=\"flex-basis:66.66%\">\n<p>AB Glanzenburger est une association \u00e9tudiante active \u00e0 Zurich avec environ 120 \u00e9tudiants actifs et anciens de l&#8217;Universit\u00e9 et des hautes \u00e9coles de Zurich.<\/p>\n\n\n\n<ul class=\"wp-block-list\">\n<li>Fond\u00e9e en 1959<\/li>\n\n\n\n<li>Membre de l&#8217;Association des \u00e9tudiants suisses, qui compte plus de 70 membres<\/li>\n\n\n\n<li>Les membres sont r\u00e9partis +\/- uniform\u00e9ment entre ETH et Uni<\/li>\n\n\n\n<li>Connexion m\u00e2le color\u00e9e<\/li>\n\n\n\n<li>Habitu\u00e9 de la brasserie Rheinfelden pr\u00e8s du Central \u00e0 Zurich<\/li>\n<\/ul>\n\n\n\n<p>Le pr\u00e9sident actuel (senior) est Gjok\u00eb Daka v\/o Raki<\/p>\n\n\n\n<div class=\"wp-block-buttons is-layout-flex wp-block-buttons-is-layout-flex\">\n<div class=\"wp-block-button is-style-primary\"><a class=\"wp-block-button__link wp-element-button\" href=\"http:\/\/www.glanzenburger.ch\" target=\"_blank\" rel=\"noreferrer noopener\">Vers le site de l&#8217;AB Glanzenburger<\/a><\/div>\n<\/div>\n<\/div>\n<\/div>\n\n<hr class=\"wp-block-separator has-css-opacity\"\/>\n\n<h2 class=\"wp-block-heading\">L&#8217;Association des Etudiants Suisses<\/h2>\n\n<div class=\"wp-block-columns are-vertically-aligned-top has-background is-layout-flex wp-container-core-columns-is-layout-9d6595d7 wp-block-columns-is-layout-flex\" style=\"background-color:#e9e9e9\">\n<div class=\"wp-block-column is-vertically-aligned-top is-layout-flow wp-block-column-is-layout-flow\" style=\"flex-basis:33.33%\"><div class=\"wp-block-image\">\n<figure class=\"alignleft size-full\"><img loading=\"lazy\" decoding=\"async\" width=\"1000\" height=\"1000\" src=\"https:\/\/1019.ch\/wp-content\/uploads\/2022\/03\/StV_2.gif\" alt=\"\" class=\"wp-image-317\"\/><\/figure>\n<\/div><\/div>\n\n\n\n<div class=\"wp-block-column is-vertically-aligned-top is-layout-flow wp-block-column-is-layout-flow\" style=\"flex-basis:66.66%\">\n<p>L&#8217;Association suisse des \u00e9tudiants (Schw. StV) est la plus grande association de porteurs de couleur et leurs associations d&#8217;\u00e9tudiants en Suisse. <\/p>\n\n\n\n<p>Plus de 6 000 \u00e9tudiants actifs et anciens de toutes les r\u00e9gions linguistiques des \u00e9coles secondaires, universitaires et techniques se maintiennent sous la banni\u00e8re de la Schw. StV l&#8217;\u00e9change interdisciplinaire, traitant des questions de politique sociale et \u00e9ducative ainsi que nouer et entretenir des amiti\u00e9s pour la vie.<\/p>\n\n\n\n<p>La pr\u00e9sidente actuelle (CP) est Marina Glaninger v\/o Ambivalla<\/p>\n\n\n\n<div class=\"wp-block-buttons is-layout-flex wp-block-buttons-is-layout-flex\">\n<div class=\"wp-block-button is-style-primary\"><a class=\"wp-block-button__link wp-element-button\" href=\"https:\/\/schw-stv.ch\/\" target=\"_blank\" rel=\"noreferrer noopener\">Vers le site de l&#8217;Association des Etudiants Suisses<\/a><\/div>\n<\/div>\n<\/div>\n<\/div>\n","protected":false},"excerpt":{"rendered":"<p>qui sommes nous L&#8217;action &#8222;1019.ch &#8211; Aide aux victimes de la guerre en Ukraine&#8220; a \u00e9t\u00e9 lanc\u00e9e par des membres de l&#8217;association \u00e9tudiante AB Glanzenburger de Zurich. Lorsqu&#8217;ils ont discut\u00e9 de la guerre deux jours apr\u00e8s l&#8217;invasion russe de l&#8217;Ukraine &#8211; surpris par les images t\u00e9l\u00e9vis\u00e9es &#8211; ils ont soudainement r\u00e9alis\u00e9 \u00e0 quel point tout&hellip;&nbsp;<a href=\"https:\/\/1019.ch\/?page_id=606&#038;lang=fr\" class=\"\" rel=\"bookmark\">Weiterlesen &raquo;<span class=\"screen-reader-text\">qui sommes nous<\/span><\/a><\/p>\n","protected":false},"author":1,"featured_media":549,"parent":0,"menu_order":0,"comment_status":"closed","ping_status":"closed","template":"","meta":{"neve_meta_sidebar":"","neve_meta_container":"","neve_meta_enable_content_width":"","neve_meta_content_width":0,"neve_meta_title_alignment":"","neve_meta_author_avatar":"","neve_post_elements_order":"","neve_meta_disable_header":"","neve_meta_disable_footer":"","neve_meta_disable_title":"","footnotes":""},"class_list":["post-606","page","type-page","status-publish","has-post-thumbnail","hentry"],"featured_image_src":"https:\/\/1019.ch\/wp-content\/uploads\/2022\/03\/Wer_2-scaled.jpg","_links":{"self":[{"href":"https:\/\/1019.ch\/index.php?rest_route=\/wp\/v2\/pages\/606","targetHints":{"allow":["GET"]}}],"collection":[{"href":"https:\/\/1019.ch\/index.php?rest_route=\/wp\/v2\/pages"}],"about":[{"href":"https:\/\/1019.ch\/index.php?rest_route=\/wp\/v2\/types\/page"}],"author":[{"embeddable":true,"href":"https:\/\/1019.ch\/index.php?rest_route=\/wp\/v2\/users\/1"}],"replies":[{"embeddable":true,"href":"https:\/\/1019.ch\/index.php?rest_route=%2Fwp%2Fv2%2Fcomments&post=606"}],"version-history":[{"count":27,"href":"https:\/\/1019.ch\/index.php?rest_route=\/wp\/v2\/pages\/606\/revisions"}],"predecessor-version":[{"id":6873,"href":"https:\/\/1019.ch\/index.php?rest_route=\/wp\/v2\/pages\/606\/revisions\/6873"}],"wp:featuredmedia":[{"embeddable":true,"href":"https:\/\/1019.ch\/index.php?rest_route=\/wp\/v2\/media\/549"}],"wp:attachment":[{"href":"https:\/\/1019.ch\/index.php?rest_route=%2Fwp%2Fv2%2Fmedia&parent=606"}],"curies":[{"name":"wp","href":"https:\/\/api.w.org\/{rel}","templated":true}]}}